{"id":1179,"date":"2022-03-09T07:55:15","date_gmt":"2022-03-09T07:55:15","guid":{"rendered":"https:\/\/www.climate-charter.org\/informacion\/"},"modified":"2025-01-02T01:57:08","modified_gmt":"2025-01-02T01:57:08","slug":"informacion","status":"publish","type":"page","link":"https:\/\/www.climate-charter.org\/es\/informacion\/","title":{"rendered":"Informaci\u00f3n"},"content":{"rendered":"<h3><strong>Sobre la Carta sobre el Clima y el Medio Ambiente para las Organizaciones Humanitarias<\/strong><\/h3>\n<p>Las crisis clim\u00e1tica y ambiental son algunos de los mayores desaf\u00edos que enfrenta la humanidad hoy en d\u00eda. Su impacto arrasa a nivel global, siendo las comunidades m\u00e1s pobres y marginadas\u2014aquellas con menor capacidad de adaptaci\u00f3n\u2014las que se ven afectadas de manera desproporcionada. Estas crisis se entrecruzan con conflictos armados, desplazamientos, gobernanza d\u00e9bil, pobreza y desigualdades estructurales, agravando las vulnerabilidades y poniendo en riesgo las vidas y medios de subsistencia de la poblaci\u00f3n.<\/p>\n<p>La Carta sobre el Clima y el Medio Ambiente, proclamada en mayo de 2021, proporciona un marco para la acci\u00f3n y establece compromisos para guiar al sector humanitario en el abordaje de estas crisis. Entrega un mensaje claro sobre el papel clave que tienen las organizaciones humanitarias en la respuesta a estas crisis, subrayando nuestra responsabilidad de ayudar a las comunidades en su adaptaci\u00f3n a las realidades de un clima y un medio ambiente en cambio constante, mientras mejoramos la sostenibilidad de nuestras propias operaciones.<\/p>\n<p>La Carta surge desde el reconocimiento de que el sector humanitario debe actuar colectivamente y que tiene la responsabilidad de responder a las consecuencias humanitarias de estas crisis y de reducir el impacto ambiental de nuestras acciones. Al igual que el C\u00f3digo de Conducta, la Carta representa el compromiso del sector en su rol para trabajar conjuntamente, asegurar que nuestras acciones reduzcan el impacto de las crisis y convencer a otros de hacer lo mismo.<\/p>\n<p>Desde su lanzamiento, la Carta se ha convertido en un punto de uni\u00f3n para organizaciones comprometidas a abordar las crisis clim\u00e1tica y ambiental de manera colectiva y coordinada.<\/p>\n<h3><strong>Una Fundaci\u00f3n Colaborativa<\/strong><\/h3>\n<p>La Carta naci\u00f3 de un proceso consultivo e inclusivo, liderado por el <a href=\"https:\/\/www.icrc.org\/\">Comit\u00e9 Internacional de la Cruz Roja (CICR)<\/a> y la Federaci\u00f3n Internacional de Sociedades de la <a href=\"https:\/\/www.ifrc.org\/\">Cruz Roja y de la Media Luna Roja (FICR)<\/a>, y guiado por un Comit\u00e9 Asesor de 19 personas, incluyendo representantes de ONG locales, nacionales e internacionales, agencias de la ONU y Sociedades Nacionales de la Cruz Roja y la Media Luna Roja, as\u00ed como acad\u00e9micos, investigadores y expertos en los campos humanitario, de desarrollo, clim\u00e1tico y ambiental. Este comit\u00e9 representa y est\u00e1 vinculado a varias redes humanitarias importantes, incluyendo el <a href=\"https:\/\/www.icvanetwork.org\/\">Consejo Internacional de Agencias Voluntarias (ICVA)<\/a>, la Alianza para el Empoderamiento de las Asociaciones, InterAction, la Red de Acci\u00f3n Humanitaria y Ambiental, el Comit\u00e9 Directivo para la Respuesta Humanitaria y el grupo de trabajo interinstitucional sobre cambio clim\u00e1tico.<\/p>\n<p>Este esfuerzo colaborativo incluy\u00f3 aportes de m\u00e1s de 150 organizaciones y m\u00e1s de 200 personas a trav\u00e9s de consultas, discusiones bilaterales, reuniones virtuales, dos sesiones de retroalimentaci\u00f3n abiertas y una consulta en l\u00ednea. El resultado es un documento que refleja las diversas perspectivas y conocimientos de la comunidad humanitaria, asegurando su relevancia y aplicabilidad en diferentes contextos.<\/p>\n<p>Puedes descargar el <a href=\"https:\/\/www.climate-charter.org\/wp-content\/uploads\/2021\/12\/Feedback-Report.pdf\">documento de retroalimentaci\u00f3n aqu\u00ed<\/a>.<\/p>\n<h3><strong>El Secretariado de la Carta<\/strong><\/h3>\n<p>En diciembre de 2023, durante la COP28 en Dub\u00e1i, se anunci\u00f3 el establecimiento del Secretariado de la Carta sobre el Clima y el Medio Ambiente para las Organizaciones Humanitarias. El Secretariado se introdujo en mayo de 2024 y est\u00e1 dedicado a apoyar a las organizaciones en la implementaci\u00f3n de los compromisos de la Carta a trav\u00e9s de sus cuatro funciones principales:<\/p>\n<ol>\n<li>Conexi\u00f3n de recursos y experiencia.<\/li>\n<li>Compartir conocimientos y fomentar la colaboraci\u00f3n.<\/li>\n<li>Participaci\u00f3n y comunicaci\u00f3n.<\/li>\n<li>Promoci\u00f3n y defensa.<\/li>\n<\/ol>\n<p>El Secretariado act\u00faa como un catalizador para la acci\u00f3n, permitiendo a las organizaciones avanzar de manera tangible hacia los objetivos de la Carta. Lee m\u00e1s sobre las funciones del Secretariado, su estructura de gobernanza y su plan de trabajo en la <a href=\"https:\/\/www.climate-charter.org\/secretariat\/\">P\u00e1gina del Secretariado<\/a>.<\/p>\n<h3><strong>\u00a1\u00danete a nosotros!<\/strong><\/h3>\n<p>La Carta sobre el Clima y el Medio Ambiente representa un compromiso colectivo para abordar las crisis clim\u00e1tica y ambiental como imperativos humanitarios. Al trabajar juntos, podemos fortalecer nuestros esfuerzos, empoderar a las comunidades afectadas y garantizar que la acci\u00f3n humanitaria contribuya a un futuro m\u00e1s sostenible y equitativo.<strong>\u00a0<\/strong><\/p>\n<p><a href=\"https:\/\/www.climate-charter.org\/es\/#sign-the-charter\"><strong>Firma la Carta<\/strong><\/a><\/p>\n<p>Para mantenerte actualizado sobre los avances en el sector, oportunidades de colaboraci\u00f3n, nuevas herramientas y recursos para la acci\u00f3n, as\u00ed como eventos pr\u00f3ximos, puedes suscribirte al bolet\u00edn <a href=\"https:\/\/www.climate-charter.org\/es\/anuncios\/boletines\/\">informativo del Secretariado de la Carta<\/a> o consultar los pr\u00f3ximos <a href=\"https:\/\/www.climate-charter.org\/events\/\">eventos<\/a>.<\/p>\n","protected":false},"excerpt":{"rendered":"<p>Sobre la Carta sobre el Clima y el Medio Ambiente para las Organizaciones Humanitarias Las crisis clim\u00e1tica y ambiental son algunos de los mayores desaf\u00edos que enfrenta la humanidad hoy en d\u00eda. Su impacto arrasa a nivel global, siendo las comunidades m\u00e1s pobres y marginadas\u2014aquellas con menor capacidad de adaptaci\u00f3n\u2014las que se ven afectadas de [&hellip;]<\/p>\n","protected":false},"author":1,"featured_media":0,"parent":0,"menu_order":0,"comment_status":"closed","ping_status":"closed","template":"template-about.php","meta":{"_acf_changed":false,"footnotes":""},"class_list":["post-1179","page","type-page","status-publish","hentry"],"acf":[],"yoast_head":"<!-- This site is optimized with the Yoast SEO plugin v27.2 - https:\/\/yoast.com\/product\/yoast-seo-wordpress\/ -->\n<title>Informaci\u00f3n - Climate Charter<\/title>\n<meta name=\"robots\" content=\"index, follow, max-snippet:-1, max-image-preview:large, max-video-preview:-1\" \/>\n<link rel=\"canonical\" href=\"https:\/\/www.climate-charter.org\/es\/informacion\/\" \/>\n<meta property=\"og:locale\" content=\"es_ES\" \/>\n<meta property=\"og:type\" content=\"article\" \/>\n<meta property=\"og:title\" content=\"Informaci\u00f3n - Climate Charter\" \/>\n<meta property=\"og:description\" content=\"Sobre la Carta sobre el Clima y el Medio Ambiente para las Organizaciones Humanitarias Las crisis clim\u00e1tica y ambiental son algunos de los mayores desaf\u00edos que enfrenta la humanidad hoy en d\u00eda. Su impacto arrasa a nivel global, siendo las comunidades m\u00e1s pobres y marginadas\u2014aquellas con menor capacidad de adaptaci\u00f3n\u2014las que se ven afectadas de [&hellip;]\" \/>\n<meta property=\"og:url\" content=\"https:\/\/www.climate-charter.org\/es\/informacion\/\" \/>\n<meta property=\"og:site_name\" content=\"Climate Charter\" \/>\n<meta property=\"article:modified_time\" content=\"2025-01-02T01:57:08+00:00\" \/>\n<meta name=\"twitter:card\" content=\"summary_large_image\" \/>\n<meta name=\"twitter:label1\" content=\"Tiempo de lectura\" \/>\n\t<meta name=\"twitter:data1\" content=\"4 minutos\" \/>\n<script type=\"application\/ld+json\" class=\"yoast-schema-graph\">{\"@context\":\"https:\/\/schema.org\",\"@graph\":[{\"@type\":\"WebPage\",\"@id\":\"https:\/\/www.climate-charter.org\/es\/informacion\/\",\"url\":\"https:\/\/www.climate-charter.org\/es\/informacion\/\",\"name\":\"Informaci\u00f3n - Climate Charter\",\"isPartOf\":{\"@id\":\"https:\/\/www.climate-charter.org\/es\/#website\"},\"datePublished\":\"2022-03-09T07:55:15+00:00\",\"dateModified\":\"2025-01-02T01:57:08+00:00\",\"breadcrumb\":{\"@id\":\"https:\/\/www.climate-charter.org\/es\/informacion\/#breadcrumb\"},\"inLanguage\":\"es\",\"potentialAction\":[{\"@type\":\"ReadAction\",\"target\":[\"https:\/\/www.climate-charter.org\/es\/informacion\/\"]}]},{\"@type\":\"BreadcrumbList\",\"@id\":\"https:\/\/www.climate-charter.org\/es\/informacion\/#breadcrumb\",\"itemListElement\":[{\"@type\":\"ListItem\",\"position\":1,\"name\":\"Home\",\"item\":\"https:\/\/www.climate-charter.org\/es\/\"},{\"@type\":\"ListItem\",\"position\":2,\"name\":\"Informaci\u00f3n\"}]},{\"@type\":\"WebSite\",\"@id\":\"https:\/\/www.climate-charter.org\/es\/#website\",\"url\":\"https:\/\/www.climate-charter.org\/es\/\",\"name\":\"Climate Charter\",\"description\":\"Sign the Climate and Environment Charter\",\"potentialAction\":[{\"@type\":\"SearchAction\",\"target\":{\"@type\":\"EntryPoint\",\"urlTemplate\":\"https:\/\/www.climate-charter.org\/es\/?s={search_term_string}\"},\"query-input\":{\"@type\":\"PropertyValueSpecification\",\"valueRequired\":true,\"valueName\":\"search_term_string\"}}],\"inLanguage\":\"es\"}]}<\/script>\n<!-- \/ Yoast SEO plugin. -->","yoast_head_json":{"title":"Informaci\u00f3n - Climate Charter","robots":{"index":"index","follow":"follow","max-snippet":"max-snippet:-1","max-image-preview":"max-image-preview:large","max-video-preview":"max-video-preview:-1"},"canonical":"https:\/\/www.climate-charter.org\/es\/informacion\/","og_locale":"es_ES","og_type":"article","og_title":"Informaci\u00f3n - Climate Charter","og_description":"Sobre la Carta sobre el Clima y el Medio Ambiente para las Organizaciones Humanitarias Las crisis clim\u00e1tica y ambiental son algunos de los mayores desaf\u00edos que enfrenta la humanidad hoy en d\u00eda. Su impacto arrasa a nivel global, siendo las comunidades m\u00e1s pobres y marginadas\u2014aquellas con menor capacidad de adaptaci\u00f3n\u2014las que se ven afectadas de [&hellip;]","og_url":"https:\/\/www.climate-charter.org\/es\/informacion\/","og_site_name":"Climate Charter","article_modified_time":"2025-01-02T01:57:08+00:00","twitter_card":"summary_large_image","twitter_misc":{"Tiempo de lectura":"4 minutos"},"schema":{"@context":"https:\/\/schema.org","@graph":[{"@type":"WebPage","@id":"https:\/\/www.climate-charter.org\/es\/informacion\/","url":"https:\/\/www.climate-charter.org\/es\/informacion\/","name":"Informaci\u00f3n - Climate Charter","isPartOf":{"@id":"https:\/\/www.climate-charter.org\/es\/#website"},"datePublished":"2022-03-09T07:55:15+00:00","dateModified":"2025-01-02T01:57:08+00:00","breadcrumb":{"@id":"https:\/\/www.climate-charter.org\/es\/informacion\/#breadcrumb"},"inLanguage":"es","potentialAction":[{"@type":"ReadAction","target":["https:\/\/www.climate-charter.org\/es\/informacion\/"]}]},{"@type":"BreadcrumbList","@id":"https:\/\/www.climate-charter.org\/es\/informacion\/#breadcrumb","itemListElement":[{"@type":"ListItem","position":1,"name":"Home","item":"https:\/\/www.climate-charter.org\/es\/"},{"@type":"ListItem","position":2,"name":"Informaci\u00f3n"}]},{"@type":"WebSite","@id":"https:\/\/www.climate-charter.org\/es\/#website","url":"https:\/\/www.climate-charter.org\/es\/","name":"Climate Charter","description":"Sign the Climate and Environment Charter","potentialAction":[{"@type":"SearchAction","target":{"@type":"EntryPoint","urlTemplate":"https:\/\/www.climate-charter.org\/es\/?s={search_term_string}"},"query-input":{"@type":"PropertyValueSpecification","valueRequired":true,"valueName":"search_term_string"}}],"inLanguage":"es"}]}},"_links":{"self":[{"href":"https:\/\/www.climate-charter.org\/es\/wp-json\/wp\/v2\/pages\/1179","targetHints":{"allow":["GET"]}}],"collection":[{"href":"https:\/\/www.climate-charter.org\/es\/wp-json\/wp\/v2\/pages"}],"about":[{"href":"https:\/\/www.climate-charter.org\/es\/wp-json\/wp\/v2\/types\/page"}],"author":[{"embeddable":true,"href":"https:\/\/www.climate-charter.org\/es\/wp-json\/wp\/v2\/users\/1"}],"replies":[{"embeddable":true,"href":"https:\/\/www.climate-charter.org\/es\/wp-json\/wp\/v2\/comments?post=1179"}],"version-history":[{"count":19,"href":"https:\/\/www.climate-charter.org\/es\/wp-json\/wp\/v2\/pages\/1179\/revisions"}],"predecessor-version":[{"id":3378,"href":"https:\/\/www.climate-charter.org\/es\/wp-json\/wp\/v2\/pages\/1179\/revisions\/3378"}],"wp:attachment":[{"href":"https:\/\/www.climate-charter.org\/es\/wp-json\/wp\/v2\/media?parent=1179"}],"curies":[{"name":"wp","href":"https:\/\/api.w.org\/{rel}","templated":true}]}}