{"id":1181,"date":"2022-03-09T08:05:54","date_gmt":"2022-03-09T08:05:54","guid":{"rendered":"https:\/\/www.climate-charter.org\/orientacion\/"},"modified":"2025-10-06T19:08:33","modified_gmt":"2025-10-06T19:08:33","slug":"orientacion","status":"publish","type":"page","link":"https:\/\/www.climate-charter.org\/es\/orientacion\/","title":{"rendered":"Orientaci\u00f3n"},"content":{"rendered":"<p>\nEn todo el sector humanitario, las organizaciones est\u00e1n desarrollando su capacidad para actuar frente al cambio clim\u00e1tico y los desaf\u00edos ambientales. Esta p\u00e1gina de orientaci\u00f3n ofrece dos formas de apoyo a las organizaciones en sus esfuerzos por avanzar en los compromisos de la Carta.\n<\/p>\n<p><a href=\"https:\/\/www.climate-charter.org\/es\/compromisos-de-la-carta\/\" class=\"guidance-link\"><\/p>\n<div class=\"guidance-box\">\n<h4><span style=\"color: #e36340;\"><strong>Comprender los compromisos<\/strong><\/span><\/h4>\n<p>\n      Esta gu\u00eda tiene como objetivo ayudar a las organizaciones a profundizar su comprensi\u00f3n de los compromisos de la Carta para desarrollar metas y medir el progreso. Evolucionar\u00e1 con el tiempo, a medida que crezcan nuestros conocimientos y pr\u00e1cticas.\n    <\/p>\n<\/p><\/div>\n<p><\/a><\/p>\n<p><a href=\"https:\/\/www.climate-charter.org\/es\/en-el-objetivo\/\" class=\"guidance-link\"><\/p>\n<div class=\"guidance-box\">\n<h4><span style=\"color: #e36340;\"><strong>Gu\u00eda para el desarrollo de objetivos<\/strong><\/span><\/h4>\n<p>\n      Para convertir los compromisos de la Carta en realidad, las organizaciones deben desarrollar metas espec\u00edficas y medibles, y dise\u00f1ar planes de acci\u00f3n que describan c\u00f3mo planean alcanzarlas. La Secretar\u00eda de la Carta encarg\u00f3 un estudio de casos sobre c\u00f3mo los signatarios est\u00e1n avanzando en los compromisos, presentando ejemplos, lecciones aprendidas y recomendaciones sobre el proceso de desarrollo e implementaci\u00f3n de objetivos.\n    <\/p>\n<\/p><\/div>\n<p><\/a><\/p>\n<p><a href=\"https:\/\/www.climate-charter.org\/es\/herramientas-y-recursos\/\" class=\"guidance-link\"><\/p>\n<div class=\"guidance-box\">\n<h4><span style=\"color: #e36340;\"><strong>Plataforma de herramientas y recursos<\/strong><\/span><\/h4>\n<p>\n      La Secretar\u00eda de la Carta est\u00e1 publicando una serie de p\u00e1ginas tem\u00e1ticas para apoyar el intercambio de capacidades en torno a los compromisos de la Carta. Estos recursos incluyen herramientas, gu\u00edas, oportunidades de formaci\u00f3n, grupos de trabajo, comunidades de pr\u00e1ctica, expertos t\u00e9cnicos, bibliotecas de recursos y servicios de apoyo, entre muchas otras formas de asistencia.\n    <\/p>\n<\/p><\/div>\n<p><\/a><\/p>\n","protected":false},"excerpt":{"rendered":"<p>En todo el sector humanitario, las organizaciones est\u00e1n desarrollando su capacidad para actuar frente al cambio clim\u00e1tico y los desaf\u00edos ambientales. Esta p\u00e1gina de orientaci\u00f3n ofrece dos formas de apoyo a las organizaciones en sus esfuerzos por avanzar en los compromisos de la Carta. Comprender los compromisos Esta gu\u00eda tiene como objetivo ayudar a las [&hellip;]<\/p>\n","protected":false},"author":1,"featured_media":0,"parent":0,"menu_order":0,"comment_status":"closed","ping_status":"closed","template":"","meta":{"_acf_changed":false,"footnotes":""},"class_list":["post-1181","page","type-page","status-publish","hentry"],"acf":[],"yoast_head":"<!-- This site is optimized with the Yoast SEO plugin v27.2 - https:\/\/yoast.com\/product\/yoast-seo-wordpress\/ -->\n<title>Orientaci\u00f3n - Climate Charter<\/title>\n<meta name=\"robots\" content=\"index, follow, max-snippet:-1, max-image-preview:large, max-video-preview:-1\" \/>\n<link rel=\"canonical\" href=\"https:\/\/www.climate-charter.org\/es\/orientacion\/\" \/>\n<meta property=\"og:locale\" content=\"es_ES\" \/>\n<meta property=\"og:type\" content=\"article\" \/>\n<meta property=\"og:title\" content=\"Orientaci\u00f3n - Climate Charter\" \/>\n<meta property=\"og:description\" content=\"En todo el sector humanitario, las organizaciones est\u00e1n desarrollando su capacidad para actuar frente al cambio clim\u00e1tico y los desaf\u00edos ambientales. Esta p\u00e1gina de orientaci\u00f3n ofrece dos formas de apoyo a las organizaciones en sus esfuerzos por avanzar en los compromisos de la Carta. Comprender los compromisos Esta gu\u00eda tiene como objetivo ayudar a las [&hellip;]\" \/>\n<meta property=\"og:url\" content=\"https:\/\/www.climate-charter.org\/es\/orientacion\/\" \/>\n<meta property=\"og:site_name\" content=\"Climate Charter\" \/>\n<meta property=\"article:modified_time\" content=\"2025-10-06T19:08:33+00:00\" \/>\n<meta name=\"twitter:card\" content=\"summary_large_image\" \/>\n<meta name=\"twitter:label1\" content=\"Tiempo de lectura\" \/>\n\t<meta name=\"twitter:data1\" content=\"2 minutos\" \/>\n<script type=\"application\/ld+json\" class=\"yoast-schema-graph\">{\"@context\":\"https:\/\/schema.org\",\"@graph\":[{\"@type\":\"WebPage\",\"@id\":\"https:\/\/www.climate-charter.org\/es\/orientacion\/\",\"url\":\"https:\/\/www.climate-charter.org\/es\/orientacion\/\",\"name\":\"Orientaci\u00f3n - Climate Charter\",\"isPartOf\":{\"@id\":\"https:\/\/www.climate-charter.org\/es\/#website\"},\"datePublished\":\"2022-03-09T08:05:54+00:00\",\"dateModified\":\"2025-10-06T19:08:33+00:00\",\"breadcrumb\":{\"@id\":\"https:\/\/www.climate-charter.org\/es\/orientacion\/#breadcrumb\"},\"inLanguage\":\"es\",\"potentialAction\":[{\"@type\":\"ReadAction\",\"target\":[\"https:\/\/www.climate-charter.org\/es\/orientacion\/\"]}]},{\"@type\":\"BreadcrumbList\",\"@id\":\"https:\/\/www.climate-charter.org\/es\/orientacion\/#breadcrumb\",\"itemListElement\":[{\"@type\":\"ListItem\",\"position\":1,\"name\":\"Home\",\"item\":\"https:\/\/www.climate-charter.org\/es\/\"},{\"@type\":\"ListItem\",\"position\":2,\"name\":\"Orientaci\u00f3n\"}]},{\"@type\":\"WebSite\",\"@id\":\"https:\/\/www.climate-charter.org\/es\/#website\",\"url\":\"https:\/\/www.climate-charter.org\/es\/\",\"name\":\"Climate Charter\",\"description\":\"Sign the Climate and Environment Charter\",\"potentialAction\":[{\"@type\":\"SearchAction\",\"target\":{\"@type\":\"EntryPoint\",\"urlTemplate\":\"https:\/\/www.climate-charter.org\/es\/?s={search_term_string}\"},\"query-input\":{\"@type\":\"PropertyValueSpecification\",\"valueRequired\":true,\"valueName\":\"search_term_string\"}}],\"inLanguage\":\"es\"}]}<\/script>\n<!-- \/ Yoast SEO plugin. -->","yoast_head_json":{"title":"Orientaci\u00f3n - Climate Charter","robots":{"index":"index","follow":"follow","max-snippet":"max-snippet:-1","max-image-preview":"max-image-preview:large","max-video-preview":"max-video-preview:-1"},"canonical":"https:\/\/www.climate-charter.org\/es\/orientacion\/","og_locale":"es_ES","og_type":"article","og_title":"Orientaci\u00f3n - Climate Charter","og_description":"En todo el sector humanitario, las organizaciones est\u00e1n desarrollando su capacidad para actuar frente al cambio clim\u00e1tico y los desaf\u00edos ambientales. Esta p\u00e1gina de orientaci\u00f3n ofrece dos formas de apoyo a las organizaciones en sus esfuerzos por avanzar en los compromisos de la Carta. Comprender los compromisos Esta gu\u00eda tiene como objetivo ayudar a las [&hellip;]","og_url":"https:\/\/www.climate-charter.org\/es\/orientacion\/","og_site_name":"Climate Charter","article_modified_time":"2025-10-06T19:08:33+00:00","twitter_card":"summary_large_image","twitter_misc":{"Tiempo de lectura":"2 minutos"},"schema":{"@context":"https:\/\/schema.org","@graph":[{"@type":"WebPage","@id":"https:\/\/www.climate-charter.org\/es\/orientacion\/","url":"https:\/\/www.climate-charter.org\/es\/orientacion\/","name":"Orientaci\u00f3n - Climate Charter","isPartOf":{"@id":"https:\/\/www.climate-charter.org\/es\/#website"},"datePublished":"2022-03-09T08:05:54+00:00","dateModified":"2025-10-06T19:08:33+00:00","breadcrumb":{"@id":"https:\/\/www.climate-charter.org\/es\/orientacion\/#breadcrumb"},"inLanguage":"es","potentialAction":[{"@type":"ReadAction","target":["https:\/\/www.climate-charter.org\/es\/orientacion\/"]}]},{"@type":"BreadcrumbList","@id":"https:\/\/www.climate-charter.org\/es\/orientacion\/#breadcrumb","itemListElement":[{"@type":"ListItem","position":1,"name":"Home","item":"https:\/\/www.climate-charter.org\/es\/"},{"@type":"ListItem","position":2,"name":"Orientaci\u00f3n"}]},{"@type":"WebSite","@id":"https:\/\/www.climate-charter.org\/es\/#website","url":"https:\/\/www.climate-charter.org\/es\/","name":"Climate Charter","description":"Sign the Climate and Environment Charter","potentialAction":[{"@type":"SearchAction","target":{"@type":"EntryPoint","urlTemplate":"https:\/\/www.climate-charter.org\/es\/?s={search_term_string}"},"query-input":{"@type":"PropertyValueSpecification","valueRequired":true,"valueName":"search_term_string"}}],"inLanguage":"es"}]}},"_links":{"self":[{"href":"https:\/\/www.climate-charter.org\/es\/wp-json\/wp\/v2\/pages\/1181","targetHints":{"allow":["GET"]}}],"collection":[{"href":"https:\/\/www.climate-charter.org\/es\/wp-json\/wp\/v2\/pages"}],"about":[{"href":"https:\/\/www.climate-charter.org\/es\/wp-json\/wp\/v2\/types\/page"}],"author":[{"embeddable":true,"href":"https:\/\/www.climate-charter.org\/es\/wp-json\/wp\/v2\/users\/1"}],"replies":[{"embeddable":true,"href":"https:\/\/www.climate-charter.org\/es\/wp-json\/wp\/v2\/comments?post=1181"}],"version-history":[{"count":12,"href":"https:\/\/www.climate-charter.org\/es\/wp-json\/wp\/v2\/pages\/1181\/revisions"}],"predecessor-version":[{"id":4757,"href":"https:\/\/www.climate-charter.org\/es\/wp-json\/wp\/v2\/pages\/1181\/revisions\/4757"}],"wp:attachment":[{"href":"https:\/\/www.climate-charter.org\/es\/wp-json\/wp\/v2\/media?parent=1181"}],"curies":[{"name":"wp","href":"https:\/\/api.w.org\/{rel}","templated":true}]}}