{"id":1190,"date":"2022-03-09T11:12:01","date_gmt":"2022-03-09T11:12:01","guid":{"rendered":"https:\/\/www.climate-charter.org\/firmas\/"},"modified":"2022-03-19T18:17:45","modified_gmt":"2022-03-19T18:17:45","slug":"firmas","status":"publish","type":"page","link":"https:\/\/www.climate-charter.org\/es\/firmas\/","title":{"rendered":"Firmas"},"content":{"rendered":"<h3>Se invita a todas las organizaciones humanitarias a firmar la Carta. Esta p\u00e1gina se actualiza regularmente con los firmantes de la Carta y sus compromisos p\u00fablicos (cuando est\u00e9n listos).<\/h3>\n<h4>Los patrocinadores de la Carta figuran en este <a href=\"#supporters\"><strong>enlace<\/strong><\/a>.<\/h4>\n","protected":false},"excerpt":{"rendered":"<p>Se invita a todas las organizaciones humanitarias a firmar la Carta. Esta p\u00e1gina se actualiza regularmente con los firmantes de la Carta y sus compromisos p\u00fablicos (cuando est\u00e9n listos). Los patrocinadores de la Carta figuran en este enlace.<\/p>\n","protected":false},"author":1,"featured_media":0,"parent":0,"menu_order":0,"comment_status":"closed","ping_status":"closed","template":"template-signatures.php","meta":{"_acf_changed":false,"footnotes":""},"class_list":["post-1190","page","type-page","status-publish","hentry"],"acf":[],"yoast_head":"<!-- This site is optimized with the Yoast SEO plugin v27.2 - https:\/\/yoast.com\/product\/yoast-seo-wordpress\/ -->\n<title>Firmas - Climate Charter<\/title>\n<meta name=\"robots\" content=\"index, follow, max-snippet:-1, max-image-preview:large, max-video-preview:-1\" \/>\n<link rel=\"canonical\" href=\"https:\/\/www.climate-charter.org\/es\/firmas\/\" \/>\n<meta property=\"og:locale\" content=\"es_ES\" \/>\n<meta property=\"og:type\" content=\"article\" \/>\n<meta property=\"og:title\" content=\"Firmas - Climate Charter\" \/>\n<meta property=\"og:description\" content=\"Se invita a todas las organizaciones humanitarias a firmar la Carta. Esta p\u00e1gina se actualiza regularmente con los firmantes de la Carta y sus compromisos p\u00fablicos (cuando est\u00e9n listos). Los patrocinadores de la Carta figuran en este enlace.\" \/>\n<meta property=\"og:url\" content=\"https:\/\/www.climate-charter.org\/es\/firmas\/\" \/>\n<meta property=\"og:site_name\" content=\"Climate Charter\" \/>\n<meta property=\"article:modified_time\" content=\"2022-03-19T18:17:45+00:00\" \/>\n<meta name=\"twitter:card\" content=\"summary_large_image\" \/>\n<script type=\"application\/ld+json\" class=\"yoast-schema-graph\">{\"@context\":\"https:\/\/schema.org\",\"@graph\":[{\"@type\":\"WebPage\",\"@id\":\"https:\/\/www.climate-charter.org\/es\/firmas\/\",\"url\":\"https:\/\/www.climate-charter.org\/es\/firmas\/\",\"name\":\"Firmas - Climate Charter\",\"isPartOf\":{\"@id\":\"https:\/\/www.climate-charter.org\/es\/#website\"},\"datePublished\":\"2022-03-09T11:12:01+00:00\",\"dateModified\":\"2022-03-19T18:17:45+00:00\",\"breadcrumb\":{\"@id\":\"https:\/\/www.climate-charter.org\/es\/firmas\/#breadcrumb\"},\"inLanguage\":\"es\",\"potentialAction\":[{\"@type\":\"ReadAction\",\"target\":[\"https:\/\/www.climate-charter.org\/es\/firmas\/\"]}]},{\"@type\":\"BreadcrumbList\",\"@id\":\"https:\/\/www.climate-charter.org\/es\/firmas\/#breadcrumb\",\"itemListElement\":[{\"@type\":\"ListItem\",\"position\":1,\"name\":\"Home\",\"item\":\"https:\/\/www.climate-charter.org\/es\/\"},{\"@type\":\"ListItem\",\"position\":2,\"name\":\"Firmas\"}]},{\"@type\":\"WebSite\",\"@id\":\"https:\/\/www.climate-charter.org\/es\/#website\",\"url\":\"https:\/\/www.climate-charter.org\/es\/\",\"name\":\"Climate Charter\",\"description\":\"Sign the Climate and Environment Charter\",\"potentialAction\":[{\"@type\":\"SearchAction\",\"target\":{\"@type\":\"EntryPoint\",\"urlTemplate\":\"https:\/\/www.climate-charter.org\/es\/?s={search_term_string}\"},\"query-input\":{\"@type\":\"PropertyValueSpecification\",\"valueRequired\":true,\"valueName\":\"search_term_string\"}}],\"inLanguage\":\"es\"}]}<\/script>\n<!-- \/ Yoast SEO plugin. -->","yoast_head_json":{"title":"Firmas - Climate Charter","robots":{"index":"index","follow":"follow","max-snippet":"max-snippet:-1","max-image-preview":"max-image-preview:large","max-video-preview":"max-video-preview:-1"},"canonical":"https:\/\/www.climate-charter.org\/es\/firmas\/","og_locale":"es_ES","og_type":"article","og_title":"Firmas - Climate Charter","og_description":"Se invita a todas las organizaciones humanitarias a firmar la Carta. Esta p\u00e1gina se actualiza regularmente con los firmantes de la Carta y sus compromisos p\u00fablicos (cuando est\u00e9n listos). Los patrocinadores de la Carta figuran en este enlace.","og_url":"https:\/\/www.climate-charter.org\/es\/firmas\/","og_site_name":"Climate Charter","article_modified_time":"2022-03-19T18:17:45+00:00","twitter_card":"summary_large_image","schema":{"@context":"https:\/\/schema.org","@graph":[{"@type":"WebPage","@id":"https:\/\/www.climate-charter.org\/es\/firmas\/","url":"https:\/\/www.climate-charter.org\/es\/firmas\/","name":"Firmas - Climate Charter","isPartOf":{"@id":"https:\/\/www.climate-charter.org\/es\/#website"},"datePublished":"2022-03-09T11:12:01+00:00","dateModified":"2022-03-19T18:17:45+00:00","breadcrumb":{"@id":"https:\/\/www.climate-charter.org\/es\/firmas\/#breadcrumb"},"inLanguage":"es","potentialAction":[{"@type":"ReadAction","target":["https:\/\/www.climate-charter.org\/es\/firmas\/"]}]},{"@type":"BreadcrumbList","@id":"https:\/\/www.climate-charter.org\/es\/firmas\/#breadcrumb","itemListElement":[{"@type":"ListItem","position":1,"name":"Home","item":"https:\/\/www.climate-charter.org\/es\/"},{"@type":"ListItem","position":2,"name":"Firmas"}]},{"@type":"WebSite","@id":"https:\/\/www.climate-charter.org\/es\/#website","url":"https:\/\/www.climate-charter.org\/es\/","name":"Climate Charter","description":"Sign the Climate and Environment Charter","potentialAction":[{"@type":"SearchAction","target":{"@type":"EntryPoint","urlTemplate":"https:\/\/www.climate-charter.org\/es\/?s={search_term_string}"},"query-input":{"@type":"PropertyValueSpecification","valueRequired":true,"valueName":"search_term_string"}}],"inLanguage":"es"}]}},"_links":{"self":[{"href":"https:\/\/www.climate-charter.org\/es\/wp-json\/wp\/v2\/pages\/1190","targetHints":{"allow":["GET"]}}],"collection":[{"href":"https:\/\/www.climate-charter.org\/es\/wp-json\/wp\/v2\/pages"}],"about":[{"href":"https:\/\/www.climate-charter.org\/es\/wp-json\/wp\/v2\/types\/page"}],"author":[{"embeddable":true,"href":"https:\/\/www.climate-charter.org\/es\/wp-json\/wp\/v2\/users\/1"}],"replies":[{"embeddable":true,"href":"https:\/\/www.climate-charter.org\/es\/wp-json\/wp\/v2\/comments?post=1190"}],"version-history":[{"count":4,"href":"https:\/\/www.climate-charter.org\/es\/wp-json\/wp\/v2\/pages\/1190\/revisions"}],"predecessor-version":[{"id":1224,"href":"https:\/\/www.climate-charter.org\/es\/wp-json\/wp\/v2\/pages\/1190\/revisions\/1224"}],"wp:attachment":[{"href":"https:\/\/www.climate-charter.org\/es\/wp-json\/wp\/v2\/media?parent=1190"}],"curies":[{"name":"wp","href":"https:\/\/api.w.org\/{rel}","templated":true}]}}