{"id":1193,"date":"2022-03-09T11:21:37","date_gmt":"2022-03-09T11:21:37","guid":{"rendered":"https:\/\/www.climate-charter.org\/objetivos\/"},"modified":"2022-03-16T08:58:30","modified_gmt":"2022-03-16T08:58:30","slug":"objetivos","status":"publish","type":"page","link":"https:\/\/www.climate-charter.org\/es\/objetivos\/","title":{"rendered":"Objetivos"},"content":{"rendered":"<h3>Las organizaciones que adopten la Carta deber\u00e1n comprometerse a contar con objetivos espec\u00edficos \u2014objetivos nuevos, ya formulados o ambos\u2014 que demuestren c\u00f3mo se aplican los cambios. Cada organizaci\u00f3n tendr\u00e1 sus propios objetivos espec\u00edficos, que reflejar\u00e1n su magnitud y alcance, sus capacidades y su cometido.<\/h3>\n","protected":false},"excerpt":{"rendered":"<p>Las organizaciones que adopten la Carta deber\u00e1n comprometerse a contar con objetivos espec\u00edficos \u2014objetivos nuevos, ya formulados o ambos\u2014 que demuestren c\u00f3mo se aplican los cambios. Cada organizaci\u00f3n tendr\u00e1 sus propios objetivos espec\u00edficos, que reflejar\u00e1n su magnitud y alcance, sus capacidades y su cometido.<\/p>\n","protected":false},"author":1,"featured_media":0,"parent":0,"menu_order":0,"comment_status":"closed","ping_status":"closed","template":"template-targets.php","meta":{"_acf_changed":false,"footnotes":""},"class_list":["post-1193","page","type-page","status-publish","hentry"],"acf":[],"yoast_head":"<!-- This site is optimized with the Yoast SEO plugin v27.2 - https:\/\/yoast.com\/product\/yoast-seo-wordpress\/ -->\n<title>Objetivos - Climate Charter<\/title>\n<meta name=\"robots\" content=\"index, follow, max-snippet:-1, max-image-preview:large, max-video-preview:-1\" \/>\n<link rel=\"canonical\" href=\"https:\/\/www.climate-charter.org\/es\/objetivos\/\" \/>\n<meta property=\"og:locale\" content=\"es_ES\" \/>\n<meta property=\"og:type\" content=\"article\" \/>\n<meta property=\"og:title\" content=\"Objetivos - Climate Charter\" \/>\n<meta property=\"og:description\" content=\"Las organizaciones que adopten la Carta deber\u00e1n comprometerse a contar con objetivos espec\u00edficos \u2014objetivos nuevos, ya formulados o ambos\u2014 que demuestren c\u00f3mo se aplican los cambios. Cada organizaci\u00f3n tendr\u00e1 sus propios objetivos espec\u00edficos, que reflejar\u00e1n su magnitud y alcance, sus capacidades y su cometido.\" \/>\n<meta property=\"og:url\" content=\"https:\/\/www.climate-charter.org\/es\/objetivos\/\" \/>\n<meta property=\"og:site_name\" content=\"Climate Charter\" \/>\n<meta property=\"article:modified_time\" content=\"2022-03-16T08:58:30+00:00\" \/>\n<meta name=\"twitter:card\" content=\"summary_large_image\" \/>\n<script type=\"application\/ld+json\" class=\"yoast-schema-graph\">{\"@context\":\"https:\/\/schema.org\",\"@graph\":[{\"@type\":\"WebPage\",\"@id\":\"https:\/\/www.climate-charter.org\/es\/objetivos\/\",\"url\":\"https:\/\/www.climate-charter.org\/es\/objetivos\/\",\"name\":\"Objetivos - Climate Charter\",\"isPartOf\":{\"@id\":\"https:\/\/www.climate-charter.org\/es\/#website\"},\"datePublished\":\"2022-03-09T11:21:37+00:00\",\"dateModified\":\"2022-03-16T08:58:30+00:00\",\"breadcrumb\":{\"@id\":\"https:\/\/www.climate-charter.org\/es\/objetivos\/#breadcrumb\"},\"inLanguage\":\"es\",\"potentialAction\":[{\"@type\":\"ReadAction\",\"target\":[\"https:\/\/www.climate-charter.org\/es\/objetivos\/\"]}]},{\"@type\":\"BreadcrumbList\",\"@id\":\"https:\/\/www.climate-charter.org\/es\/objetivos\/#breadcrumb\",\"itemListElement\":[{\"@type\":\"ListItem\",\"position\":1,\"name\":\"Home\",\"item\":\"https:\/\/www.climate-charter.org\/es\/\"},{\"@type\":\"ListItem\",\"position\":2,\"name\":\"Objetivos\"}]},{\"@type\":\"WebSite\",\"@id\":\"https:\/\/www.climate-charter.org\/es\/#website\",\"url\":\"https:\/\/www.climate-charter.org\/es\/\",\"name\":\"Climate Charter\",\"description\":\"Sign the Climate and Environment Charter\",\"potentialAction\":[{\"@type\":\"SearchAction\",\"target\":{\"@type\":\"EntryPoint\",\"urlTemplate\":\"https:\/\/www.climate-charter.org\/es\/?s={search_term_string}\"},\"query-input\":{\"@type\":\"PropertyValueSpecification\",\"valueRequired\":true,\"valueName\":\"search_term_string\"}}],\"inLanguage\":\"es\"}]}<\/script>\n<!-- \/ Yoast SEO plugin. -->","yoast_head_json":{"title":"Objetivos - Climate Charter","robots":{"index":"index","follow":"follow","max-snippet":"max-snippet:-1","max-image-preview":"max-image-preview:large","max-video-preview":"max-video-preview:-1"},"canonical":"https:\/\/www.climate-charter.org\/es\/objetivos\/","og_locale":"es_ES","og_type":"article","og_title":"Objetivos - Climate Charter","og_description":"Las organizaciones que adopten la Carta deber\u00e1n comprometerse a contar con objetivos espec\u00edficos \u2014objetivos nuevos, ya formulados o ambos\u2014 que demuestren c\u00f3mo se aplican los cambios. Cada organizaci\u00f3n tendr\u00e1 sus propios objetivos espec\u00edficos, que reflejar\u00e1n su magnitud y alcance, sus capacidades y su cometido.","og_url":"https:\/\/www.climate-charter.org\/es\/objetivos\/","og_site_name":"Climate Charter","article_modified_time":"2022-03-16T08:58:30+00:00","twitter_card":"summary_large_image","schema":{"@context":"https:\/\/schema.org","@graph":[{"@type":"WebPage","@id":"https:\/\/www.climate-charter.org\/es\/objetivos\/","url":"https:\/\/www.climate-charter.org\/es\/objetivos\/","name":"Objetivos - Climate Charter","isPartOf":{"@id":"https:\/\/www.climate-charter.org\/es\/#website"},"datePublished":"2022-03-09T11:21:37+00:00","dateModified":"2022-03-16T08:58:30+00:00","breadcrumb":{"@id":"https:\/\/www.climate-charter.org\/es\/objetivos\/#breadcrumb"},"inLanguage":"es","potentialAction":[{"@type":"ReadAction","target":["https:\/\/www.climate-charter.org\/es\/objetivos\/"]}]},{"@type":"BreadcrumbList","@id":"https:\/\/www.climate-charter.org\/es\/objetivos\/#breadcrumb","itemListElement":[{"@type":"ListItem","position":1,"name":"Home","item":"https:\/\/www.climate-charter.org\/es\/"},{"@type":"ListItem","position":2,"name":"Objetivos"}]},{"@type":"WebSite","@id":"https:\/\/www.climate-charter.org\/es\/#website","url":"https:\/\/www.climate-charter.org\/es\/","name":"Climate Charter","description":"Sign the Climate and Environment Charter","potentialAction":[{"@type":"SearchAction","target":{"@type":"EntryPoint","urlTemplate":"https:\/\/www.climate-charter.org\/es\/?s={search_term_string}"},"query-input":{"@type":"PropertyValueSpecification","valueRequired":true,"valueName":"search_term_string"}}],"inLanguage":"es"}]}},"_links":{"self":[{"href":"https:\/\/www.climate-charter.org\/es\/wp-json\/wp\/v2\/pages\/1193","targetHints":{"allow":["GET"]}}],"collection":[{"href":"https:\/\/www.climate-charter.org\/es\/wp-json\/wp\/v2\/pages"}],"about":[{"href":"https:\/\/www.climate-charter.org\/es\/wp-json\/wp\/v2\/types\/page"}],"author":[{"embeddable":true,"href":"https:\/\/www.climate-charter.org\/es\/wp-json\/wp\/v2\/users\/1"}],"replies":[{"embeddable":true,"href":"https:\/\/www.climate-charter.org\/es\/wp-json\/wp\/v2\/comments?post=1193"}],"version-history":[{"count":1,"href":"https:\/\/www.climate-charter.org\/es\/wp-json\/wp\/v2\/pages\/1193\/revisions"}],"predecessor-version":[{"id":1212,"href":"https:\/\/www.climate-charter.org\/es\/wp-json\/wp\/v2\/pages\/1193\/revisions\/1212"}],"wp:attachment":[{"href":"https:\/\/www.climate-charter.org\/es\/wp-json\/wp\/v2\/media?parent=1193"}],"curies":[{"name":"wp","href":"https:\/\/api.w.org\/{rel}","templated":true}]}}