{"id":2080,"date":"2023-09-27T11:49:57","date_gmt":"2023-09-27T11:49:57","guid":{"rendered":"https:\/\/www.climate-charter.org\/calculadora-de-carbono-humanitaria\/"},"modified":"2025-01-17T14:01:33","modified_gmt":"2025-01-17T14:01:33","slug":"calculadora-de-carbono-humanitaria","status":"publish","type":"page","link":"https:\/\/www.climate-charter.org\/es\/calculadora-de-carbono-humanitaria\/","title":{"rendered":"Calculadora de Carbono Humanitaria"},"content":{"rendered":"<p>Los signatarios de la Carta sobre el clima y el medio ambiente para organizaciones humanitarias est\u00e1n comprometidos a trabajar para atenuar el impacto de la crisis clim\u00e1tica y ambiental, as\u00ed como para reducir r\u00e1pidamente sus emisiones de gases de efecto invernadero. Ahora bien, no se puede reducir lo que no se mide. Es por eso que se ha creado la Calculadora de Carbono Humanitaria, en el marco de la Alianza por una Cadena de Suministro Sostenible, un proyecto colaborativo que dirige el CICR para reforzar la incorporaci\u00f3n de los principios de sustentabilidad en la log\u00edstica humanitaria.<\/p>\n<p>La herramienta se dise\u00f1\u00f3 en el transcurso de 2021 en consulta con m\u00e1s de 100 organizaciones humanitarias, especialistas y la Oficina Humanitaria de la Comunidad Europea (ECHO). El proceso contribuy\u00f3 a establecer una metodolog\u00eda para calcular las emisiones de gases de efecto invernadero que fuera espec\u00edfica para el sector humanitario y, al mismo tiempo, que siguiera una norma internacional (el protocolo GHG).<\/p>\n<p>La Calculadora de Carbono Humanitaria permite que las organizaciones determinen las emisiones de gases de efecto invernadero que se generan directa e indirectamente como consecuencia de sus actividades. A su vez, esa medici\u00f3n hace posible establecer objetivos de reducci\u00f3n y dise\u00f1ar planes para alcanzarlos. La Calculadora de Carbono Humanitaria tambi\u00e9n se puede utilizar para medir la evoluci\u00f3n de las emisiones de una organizaci\u00f3n a lo largo del tiempo, a fin de evaluar la eficacia de los esfuerzos para reducirlas.<\/p>\n<p>A ra\u00edz de los comentarios de muchas de las organizaciones que usaron la Calculadora Humanitaria, se decidi\u00f3 revisar la herramienta durante el segundo semestre de 2023. Tras una consulta participativa, se incorporaron varias funciones nuevas a la versi\u00f3n revisada de la herramienta, la Calculadora de Carbono Humanitaria+ (HCC+), entre ellas:<\/p>\n<ul>\n<li>la capacidad de analizar hasta 200 entidades (como oficinas o proyectos diferentes);<\/li>\n<li>un m\u00e9todo alternativo de ingreso de datos, dise\u00f1ado especialmente para organizaciones con conjuntos de datos cuantiosos y muchas entidades;<\/li>\n<li>la posibilidad de buscar problemas en el ingreso de datos;<\/li>\n<li>una presentaci\u00f3n mejorada de los resultados de emisiones de gases de efecto invernadero por entidad y principales subcategor\u00edas;<\/li>\n<li>la posibilidad de utilizar una herramienta externa de visualizaci\u00f3n y an\u00e1lisis, como Microsoft Power BI o Tableau;<\/li>\n<li>nuevos factores de emisi\u00f3n y actualizaci\u00f3n de factores preexistentes;<\/li>\n<li>diferentes t\u00e9cnicas para asignar emisiones a distintas entidades;<\/li>\n<li>el an\u00e1lisis de resultados por agrupaci\u00f3n (nivel supraentidad);<\/li>\n<li>la posibilidad de agregar comentarios y explicaciones a cualquier punto de ingreso de datos para simplificar la recopilaci\u00f3n de datos de distintas personas de una misma organizaci\u00f3n;<\/li>\n<li>el an\u00e1lisis de emisiones asociadas a activos arrendados o alquilados.<\/li>\n<\/ul>\n<p>A principios de 2024, diversas organizaciones \u2014entre ellas, Climate Action Accelerator (CAA) y la Federaci\u00f3n Internacional de las Sociedades de la Cruz Roja y de la Media Luna Roja\u2014 llevaron a cabo una prueba piloto de la Calculadora de Carbono Humanitaria+. En mayo de 2024, la herramienta revisada se present\u00f3 formalmente al sector humanitario, y ya est\u00e1 disponible para su uso a trav\u00e9s del enlace que figura m\u00e1s abajo.<\/p>\n<p>Otros recursos que se presentan a continuaci\u00f3n ayudar\u00e1n a las organizaciones en sus ejercicios de contabilidad del carbono: explican las medidas que deben tomar, los datos que necesitar\u00e1n, acciones que pueden generar reducciones considerables, etc.<\/p>\n<p>Se alienta a las organizaciones a hacer sus aportes para continuar mejorando la Calculadora Humanitaria y los materiales complementarios, a fin de que siga siendo un instrumento pertinente y eficaz para que el sector humanitario atienda los efectos ambientales de las emisiones. Si desea compartir comentarios y sugerencias, utilice <a href=\"https:\/\/forms.office.com\/Pages\/ResponsePage.aspx?id=NFOKnnxJik2nl3mXz4zHYw_jvgrefqpEmsFlrPNVrRdUMDQ5VlNJVE5IWk1FT0o3NEFYR1VMUlJZVy4u\"><strong>este formulario<\/strong><\/a>.<\/p>\n<p><span style=\"color: #993300;\"><strong>**La herramienta HCC+ est\u00e1 actualmente en mantenimiento y se espera que vuelva a estar disponible en febrero de 2025**.<\/strong><\/span><\/p>\n<p><strong>C\u00f3mo usar la herramienta de contabilidad de carbono (Solo la p\u00e1gina principal ha sido traducido al espa\u00f1ol y no el resto de links, videos, etc. Disculpen las molestias.)<\/strong><\/p>\n<p>\u00bfReci\u00e9n comienza a informarse sobre la contabilidad del carbono? Mire este video introductorio sobre el tema:<\/p>\n<p><iframe loading=\"lazy\" title=\"The What and the Why of Carbon Accounting\" width=\"500\" height=\"281\" src=\"https:\/\/www.youtube.com\/embed\/Maf7TBHlKn8?feature=oembed\" frameborder=\"0\" allow=\"accelerometer; autoplay; clipboard-write; encrypted-media; gyroscope; picture-in-picture; web-share\" referrerpolicy=\"strict-origin-when-cross-origin\" allowfullscreen><\/iframe><\/p>\n<p>\u00bfC\u00f3mo contabilizar las emisiones de carbono? La\u00a0<a href=\"https:\/\/www.climate-charter.org\/wp-content\/uploads\/2023\/01\/Methodological-guide.pdf\"><strong>gu\u00eda metodol\u00f3gica<\/strong><\/a>\u00a0le ser\u00e1 de ayuda para empezar.<\/p>\n<h3>\u00bfNecesita ayuda? Estos videos explican algunos aspectos particularmente complejos de la contabilidad del carbono:<\/h3>\n<p><strong>Principios de la contabilidad del carbono<\/strong><\/p>\n<p><iframe loading=\"lazy\" title=\"Humanitarian Carbon Calculator | Carbon Accounting Principles\" width=\"500\" height=\"281\" src=\"https:\/\/www.youtube.com\/embed\/-bVHy9-K7KU?feature=oembed\" frameborder=\"0\" allow=\"accelerometer; autoplay; clipboard-write; encrypted-media; gyroscope; picture-in-picture; web-share\" referrerpolicy=\"strict-origin-when-cross-origin\" allowfullscreen><\/iframe><\/p>\n<p><strong>Factores de emisi\u00f3n<\/strong><\/p>\n<p><iframe loading=\"lazy\" title=\"Humanitarian Carbon Calculator | Emissions Factors\" width=\"500\" height=\"281\" src=\"https:\/\/www.youtube.com\/embed\/S5pmMIvwnDQ?feature=oembed\" frameborder=\"0\" allow=\"accelerometer; autoplay; clipboard-write; encrypted-media; gyroscope; picture-in-picture; web-share\" referrerpolicy=\"strict-origin-when-cross-origin\" allowfullscreen><\/iframe><\/p>\n<p><strong>Entrega de suministros humanitarios<\/strong><\/p>\n<p><iframe loading=\"lazy\" title=\"Humanitarian Carbon Calculator | Humanitarian Supplies\" width=\"500\" height=\"281\" src=\"https:\/\/www.youtube.com\/embed\/eJeaZKnTClA?feature=oembed\" frameborder=\"0\" allow=\"accelerometer; autoplay; clipboard-write; encrypted-media; gyroscope; picture-in-picture; web-share\" referrerpolicy=\"strict-origin-when-cross-origin\" allowfullscreen><\/iframe><\/p>\n<p><strong>Transporte de cargas<\/strong><\/p>\n<p><iframe loading=\"lazy\" title=\"Humanitarian Carbon Calculator | Freight Transport\" width=\"500\" height=\"281\" src=\"https:\/\/www.youtube.com\/embed\/ut8t5cKw2rA?feature=oembed\" frameborder=\"0\" allow=\"accelerometer; autoplay; clipboard-write; encrypted-media; gyroscope; picture-in-picture; web-share\" referrerpolicy=\"strict-origin-when-cross-origin\" allowfullscreen><\/iframe><\/p>\n<p><strong>Transferencias de efectivo<\/strong><\/p>\n<p><iframe loading=\"lazy\" title=\"Humanitarian Carbon Calculator | Cash Transfers\" width=\"500\" height=\"281\" src=\"https:\/\/www.youtube.com\/embed\/XklHIMuqxiU?feature=oembed\" frameborder=\"0\" allow=\"accelerometer; autoplay; clipboard-write; encrypted-media; gyroscope; picture-in-picture; web-share\" referrerpolicy=\"strict-origin-when-cross-origin\" allowfullscreen><\/iframe><\/p>\n<p><strong>\u00a0<\/strong><\/p>\n<p>En esta<strong>\u00a0<\/strong><a href=\"https:\/\/www.climate-charter.org\/wp-content\/uploads\/2023\/01\/A-first-list-of-emission-reduction-levers-1.pdf\"><strong>primera lista de acciones para reducir emisiones<\/strong><\/a> se presentan interesantes oportunidades para su consideraci\u00f3n<strong>.<\/strong><\/p>\n<p>A fin de interiorizarse m\u00e1s y entender c\u00f3mo se dise\u00f1aron estos recursos, consulte esta<strong>\u00a0<\/strong><a href=\"https:\/\/www.climate-charter.org\/wp-content\/uploads\/2023\/01\/Methodology-note.pdf\"><strong>nota sobre la metodolog\u00eda<\/strong><\/a><strong> empleada<\/strong>. Contiene informaci\u00f3n importante para mantener la congruencia en todo el sector en casos en que las organizaciones prefieran elaborar su propia herramienta.<\/p>\n<h3>Comentarios<\/h3>\n<p>Para enviar comentarios sobre las herramientas y recursos a fin de ayudarnos a mejorarlos, complete este\u00a0<a href=\"https:\/\/forms.office.com\/Pages\/ResponsePage.aspx?id=NFOKnnxJik2nl3mXz4zHYw_jvgrefqpEmsFlrPNVrRdUMDQ5VlNJVE5IWk1FT0o3NEFYR1VMUlJZVy4u\"><strong>formulario<\/strong><\/a>.<\/p>\n<p>Use este otro\u00a0<a href=\"https:\/\/forms.office.com\/e\/mtzY45na6R\"><strong>formulario<\/strong><\/a><strong>\u00a0<\/strong>para presentar nuevos factores de emisi\u00f3n recogidos a partir de bases de datos reconocidas, proveedores o an\u00e1lisis del ciclo de vida de ciertos productos o servicios que suelen utilizarse en el sector humanitario.<\/p>\n<h3>Contacto<\/h3>\n<p>Durante la prueba piloto de la Calculadora, se estableci\u00f3 un foro informal de organizaciones interesadas para intercambiar experiencias, aprendizajes y preguntas. La inteligencia colectiva es fundamental, y hoy, el grupo cuenta con m\u00e1s de 40 organizaciones y 110 participantes. Para obtener m\u00e1s informaci\u00f3n sobre el grupo o incorporarse a \u00e9l, comun\u00edquese con Juan G\u00e1lvez:\u00a0<a href=\"mailto:juan.galvez@ifrc.org\">juan.galvez@ifrc.org.<\/a><\/p>\n<p>Si desea obtener m\u00e1s informaci\u00f3n o conocer mejor las herramientas, los recursos, los desaf\u00edos y los aprendizajes que sirvieron de base para dise\u00f1ar la Calculadora de Carbono Humanitario, p\u00f3ngase en contacto con Carmen Garc\u00eda:\u00a0<a href=\"mailto:cgarciaduro@icrc.org\">cgarciaduro@icrc.org<\/a><strong>.\u00a0<\/strong><\/p>\n","protected":false},"excerpt":{"rendered":"<p>Los signatarios de la Carta sobre el clima y el medio ambiente para organizaciones humanitarias est\u00e1n comprometidos a trabajar para atenuar el impacto de la crisis clim\u00e1tica y ambiental, as\u00ed como para reducir r\u00e1pidamente sus emisiones de gases de efecto invernadero. Ahora bien, no se puede reducir lo que no se mide. Es por eso [&hellip;]<\/p>\n","protected":false},"author":1,"featured_media":0,"parent":0,"menu_order":0,"comment_status":"closed","ping_status":"closed","template":"template-hcc.php","meta":{"_acf_changed":false,"footnotes":""},"class_list":["post-2080","page","type-page","status-publish","hentry"],"acf":[],"yoast_head":"<!-- This site is optimized with the Yoast SEO plugin v27.4 - https:\/\/yoast.com\/product\/yoast-seo-wordpress\/ -->\n<title>Calculadora de Carbono Humanitaria - Climate Charter %<\/title>\n<meta name=\"description\" content=\"La Calculadora de Carbono Humanitaria permite que las organizaciones determinen las emisiones de gases de efecto invernadero que se generan directa e indirectamente como consecuencia de sus actividades.\" \/>\n<meta name=\"robots\" content=\"index, follow, max-snippet:-1, max-image-preview:large, max-video-preview:-1\" \/>\n<link rel=\"canonical\" href=\"https:\/\/www.climate-charter.org\/es\/calculadora-de-carbono-humanitaria\/\" \/>\n<meta property=\"og:locale\" content=\"es_ES\" \/>\n<meta property=\"og:type\" content=\"article\" \/>\n<meta property=\"og:title\" content=\"Calculadora de Carbono Humanitaria - Climate Charter %\" \/>\n<meta property=\"og:description\" content=\"La Calculadora de Carbono Humanitaria permite que las organizaciones determinen las emisiones de gases de efecto invernadero que se generan directa e indirectamente como consecuencia de sus actividades.\" \/>\n<meta property=\"og:url\" content=\"https:\/\/www.climate-charter.org\/es\/calculadora-de-carbono-humanitaria\/\" \/>\n<meta property=\"og:site_name\" content=\"Climate Charter\" \/>\n<meta property=\"article:modified_time\" content=\"2025-01-17T14:01:33+00:00\" \/>\n<meta name=\"twitter:card\" content=\"summary_large_image\" \/>\n<meta name=\"twitter:label1\" content=\"Tiempo de lectura\" \/>\n\t<meta name=\"twitter:data1\" content=\"5 minutos\" \/>\n<script type=\"application\/ld+json\" class=\"yoast-schema-graph\">{\"@context\":\"https:\\\/\\\/schema.org\",\"@graph\":[{\"@type\":\"WebPage\",\"@id\":\"https:\\\/\\\/www.climate-charter.org\\\/es\\\/calculadora-de-carbono-humanitaria\\\/\",\"url\":\"https:\\\/\\\/www.climate-charter.org\\\/es\\\/calculadora-de-carbono-humanitaria\\\/\",\"name\":\"Calculadora de Carbono Humanitaria - Climate Charter %\",\"isPartOf\":{\"@id\":\"https:\\\/\\\/www.climate-charter.org\\\/es\\\/#website\"},\"datePublished\":\"2023-09-27T11:49:57+00:00\",\"dateModified\":\"2025-01-17T14:01:33+00:00\",\"description\":\"La Calculadora de Carbono Humanitaria permite que las organizaciones determinen las emisiones de gases de efecto invernadero que se generan directa e indirectamente como consecuencia de sus actividades.\",\"breadcrumb\":{\"@id\":\"https:\\\/\\\/www.climate-charter.org\\\/es\\\/calculadora-de-carbono-humanitaria\\\/#breadcrumb\"},\"inLanguage\":\"es\",\"potentialAction\":[{\"@type\":\"ReadAction\",\"target\":[\"https:\\\/\\\/www.climate-charter.org\\\/es\\\/calculadora-de-carbono-humanitaria\\\/\"]}]},{\"@type\":\"BreadcrumbList\",\"@id\":\"https:\\\/\\\/www.climate-charter.org\\\/es\\\/calculadora-de-carbono-humanitaria\\\/#breadcrumb\",\"itemListElement\":[{\"@type\":\"ListItem\",\"position\":1,\"name\":\"Home\",\"item\":\"https:\\\/\\\/www.climate-charter.org\\\/es\\\/\"},{\"@type\":\"ListItem\",\"position\":2,\"name\":\"Calculadora de Carbono Humanitaria\"}]},{\"@type\":\"WebSite\",\"@id\":\"https:\\\/\\\/www.climate-charter.org\\\/es\\\/#website\",\"url\":\"https:\\\/\\\/www.climate-charter.org\\\/es\\\/\",\"name\":\"Climate Charter\",\"description\":\"Sign the Climate and Environment Charter\",\"potentialAction\":[{\"@type\":\"SearchAction\",\"target\":{\"@type\":\"EntryPoint\",\"urlTemplate\":\"https:\\\/\\\/www.climate-charter.org\\\/es\\\/?s={search_term_string}\"},\"query-input\":{\"@type\":\"PropertyValueSpecification\",\"valueRequired\":true,\"valueName\":\"search_term_string\"}}],\"inLanguage\":\"es\"}]}<\/script>\n<!-- \/ Yoast SEO plugin. -->","yoast_head_json":{"title":"Calculadora de Carbono Humanitaria - Climate Charter %","description":"La Calculadora de Carbono Humanitaria permite que las organizaciones determinen las emisiones de gases de efecto invernadero que se generan directa e indirectamente como consecuencia de sus actividades.","robots":{"index":"index","follow":"follow","max-snippet":"max-snippet:-1","max-image-preview":"max-image-preview:large","max-video-preview":"max-video-preview:-1"},"canonical":"https:\/\/www.climate-charter.org\/es\/calculadora-de-carbono-humanitaria\/","og_locale":"es_ES","og_type":"article","og_title":"Calculadora de Carbono Humanitaria - Climate Charter %","og_description":"La Calculadora de Carbono Humanitaria permite que las organizaciones determinen las emisiones de gases de efecto invernadero que se generan directa e indirectamente como consecuencia de sus actividades.","og_url":"https:\/\/www.climate-charter.org\/es\/calculadora-de-carbono-humanitaria\/","og_site_name":"Climate Charter","article_modified_time":"2025-01-17T14:01:33+00:00","twitter_card":"summary_large_image","twitter_misc":{"Tiempo de lectura":"5 minutos"},"schema":{"@context":"https:\/\/schema.org","@graph":[{"@type":"WebPage","@id":"https:\/\/www.climate-charter.org\/es\/calculadora-de-carbono-humanitaria\/","url":"https:\/\/www.climate-charter.org\/es\/calculadora-de-carbono-humanitaria\/","name":"Calculadora de Carbono Humanitaria - Climate Charter %","isPartOf":{"@id":"https:\/\/www.climate-charter.org\/es\/#website"},"datePublished":"2023-09-27T11:49:57+00:00","dateModified":"2025-01-17T14:01:33+00:00","description":"La Calculadora de Carbono Humanitaria permite que las organizaciones determinen las emisiones de gases de efecto invernadero que se generan directa e indirectamente como consecuencia de sus actividades.","breadcrumb":{"@id":"https:\/\/www.climate-charter.org\/es\/calculadora-de-carbono-humanitaria\/#breadcrumb"},"inLanguage":"es","potentialAction":[{"@type":"ReadAction","target":["https:\/\/www.climate-charter.org\/es\/calculadora-de-carbono-humanitaria\/"]}]},{"@type":"BreadcrumbList","@id":"https:\/\/www.climate-charter.org\/es\/calculadora-de-carbono-humanitaria\/#breadcrumb","itemListElement":[{"@type":"ListItem","position":1,"name":"Home","item":"https:\/\/www.climate-charter.org\/es\/"},{"@type":"ListItem","position":2,"name":"Calculadora de Carbono Humanitaria"}]},{"@type":"WebSite","@id":"https:\/\/www.climate-charter.org\/es\/#website","url":"https:\/\/www.climate-charter.org\/es\/","name":"Climate Charter","description":"Sign the Climate and Environment Charter","potentialAction":[{"@type":"SearchAction","target":{"@type":"EntryPoint","urlTemplate":"https:\/\/www.climate-charter.org\/es\/?s={search_term_string}"},"query-input":{"@type":"PropertyValueSpecification","valueRequired":true,"valueName":"search_term_string"}}],"inLanguage":"es"}]}},"_links":{"self":[{"href":"https:\/\/www.climate-charter.org\/es\/wp-json\/wp\/v2\/pages\/2080","targetHints":{"allow":["GET"]}}],"collection":[{"href":"https:\/\/www.climate-charter.org\/es\/wp-json\/wp\/v2\/pages"}],"about":[{"href":"https:\/\/www.climate-charter.org\/es\/wp-json\/wp\/v2\/types\/page"}],"author":[{"embeddable":true,"href":"https:\/\/www.climate-charter.org\/es\/wp-json\/wp\/v2\/users\/1"}],"replies":[{"embeddable":true,"href":"https:\/\/www.climate-charter.org\/es\/wp-json\/wp\/v2\/comments?post=2080"}],"version-history":[{"count":7,"href":"https:\/\/www.climate-charter.org\/es\/wp-json\/wp\/v2\/pages\/2080\/revisions"}],"predecessor-version":[{"id":3484,"href":"https:\/\/www.climate-charter.org\/es\/wp-json\/wp\/v2\/pages\/2080\/revisions\/3484"}],"wp:attachment":[{"href":"https:\/\/www.climate-charter.org\/es\/wp-json\/wp\/v2\/media?parent=2080"}],"curies":[{"name":"wp","href":"https:\/\/api.w.org\/{rel}","templated":true}]}}