{"id":2549,"date":"2024-07-01T10:46:38","date_gmt":"2024-07-01T10:46:38","guid":{"rendered":"https:\/\/www.climate-charter.org\/?page_id=2549"},"modified":"2025-05-01T17:04:52","modified_gmt":"2025-05-01T17:04:52","slug":"secretaria","status":"publish","type":"page","link":"https:\/\/www.climate-charter.org\/es\/secretaria\/","title":{"rendered":"Secretar\u00eda"},"content":{"rendered":"<h3><strong>Secretar\u00eda de la Carta<\/strong><\/h3>\n<p>El establecimiento de la Secretar\u00eda de la <strong>Carta sobre el Clima y el Medio Ambiente para las Organizaciones Humanitarias <\/strong>se anunci\u00f3 en la COP28 en Dub\u00e1i en diciembre de 2023. La Secretar\u00eda de la Carta sirve como centro de referencia para apoyar y conectar a las organizaciones para implementar los compromisos de la Carta a trav\u00e9s de sus cuatro \u00e1reas principales:<\/p>\n<ol>\n<li>Conecte a los firmantes con expertos y recursos dentro y fuera de la red de la Carta para acceder a <strong>orientaci\u00f3n t\u00e9cnica <\/strong>en la implementaci\u00f3n de los compromisos de la Carta.<\/li>\n<li>Servir como plataforma <strong>de intercambio de conocimientos <\/strong>para compartir recursos relacionados con la Carta, colaborar en el desarrollo de productos de conocimiento e intercambiar lecciones aprendidas y mejores pr\u00e1cticas de la comunidad de la Carta.<\/li>\n<li>Fortalecer <strong>las comunicaciones y el compromiso <\/strong>con los signatarios de la Carta mediante el desarrollo y la mejora de plataformas para la asociaci\u00f3n, el aprendizaje y la coordinaci\u00f3n.<\/li>\n<li><strong>Promover, difundir y defender <\/strong>la Carta y la implementaci\u00f3n de sus compromisos dentro de la comunidad humanitaria.<\/li>\n<\/ol>\n<p>En todas estas \u00e1reas, la Secretar\u00eda de la Carta:<\/p>\n<p><strong>Apoyar a los Signatarios para <\/strong><strong>navegar por las gu\u00edas, herramientas e informaci\u00f3n existentes y relevantes <\/strong>disponibles en el <a href=\"https:\/\/www.climate-charter.org\/es\/orientacion\/\">sitio web de la Carta <\/a>y m\u00e1s all\u00e1;<\/p>\n<p><strong>Conectar a los Signatarios con centros de recursos y experiencia existentes <\/strong>en una variedad de temas estrat\u00e9gicos, t\u00e9cnicos y program\u00e1ticos;<\/p>\n<p><strong>Organizar seminarios web y talleres <\/strong>para compartir lecciones aprendidas y mejores pr\u00e1cticas de organizaciones que ya han implementado programas o desarrollado objetivos, planes de acci\u00f3n, estrategias, etc. y brindar apoyo a las comunidades de pr\u00e1ctica;<\/p>\n<p><strong>Co-crear y desarrollar productos de conocimiento, <\/strong>informados por las necesidades de los Signatarios de la Carta, que resaltar\u00e1 estudios de casos, mejores pr\u00e1cticas y lecciones aprendidas sobre la implementaci\u00f3n de compromisos;<\/p>\n<p><strong>Compartir y difundir informaci\u00f3n relevante <\/strong>sobre los \u00faltimos desarrollos, iniciativas, orientaciones y eventos relacionados con el clima, el medio ambiente y la acci\u00f3n humanitaria; y<\/p>\n<p><strong>Promover, difundir y defender <\/strong>la Carta en todo el sector humanitario.<\/p>\n<h4><a href=\"https:\/\/www.climate-charter.org\/es\/secretaria\/?preview_id=2527&#038;preview_nonce=3bfb37a5bb&#038;preview=true\">Puede encontrar m\u00e1s informaci\u00f3n sobre c\u00f3mo la Secretar\u00eda de la Carta puede apoyar a las organizaciones AQU\u00cd<\/a><\/h4>\n<p><strong><a href=\"https:\/\/www.climate-charter.org\/wp-content\/uploads\/2025\/05\/Charter-Workplan-2024-2026.pdf\">Un resumen del plan de trabajo del Secretariado<\/a><\/strong>, incluidas las prioridades para 2025, ya est\u00e1 disponible en ingl\u00e9s. Las traducciones estar\u00e1n disponibles pr\u00f3ximamente. El plan de trabajo se elabor\u00f3 tras consultas con los Signatarios antes de la creaci\u00f3n del Secretariado y se perfeccion\u00f3 a\u00fan m\u00e1s a partir de los resultados de la<a href=\"https:\/\/www.climate-charter.org\/wp-content\/uploads\/2024\/10\/June-2024-Charter-Survey.pdf\"> encuesta realizada por el Secretariado de la Carta en junio de 2024<\/a>.<\/p>\n","protected":false},"excerpt":{"rendered":"<p>Secretar\u00eda de la Carta El establecimiento de la Secretar\u00eda de la Carta sobre el Clima y el Medio Ambiente para las Organizaciones Humanitarias se anunci\u00f3 en la COP28 en Dub\u00e1i en diciembre de 2023. La Secretar\u00eda de la Carta sirve como centro de referencia para apoyar y conectar a las organizaciones para implementar los compromisos [&hellip;]<\/p>\n","protected":false},"author":1,"featured_media":0,"parent":0,"menu_order":0,"comment_status":"closed","ping_status":"closed","template":"template-secretariat.php","meta":{"_acf_changed":false,"footnotes":""},"class_list":["post-2549","page","type-page","status-publish","hentry"],"acf":[],"yoast_head":"<!-- This site is optimized with the Yoast SEO plugin v27.2 - https:\/\/yoast.com\/product\/yoast-seo-wordpress\/ -->\n<title>Secretar\u00eda - Climate Charter<\/title>\n<meta name=\"robots\" content=\"index, follow, max-snippet:-1, max-image-preview:large, max-video-preview:-1\" \/>\n<link rel=\"canonical\" href=\"https:\/\/www.climate-charter.org\/es\/secretaria\/\" \/>\n<meta property=\"og:locale\" content=\"es_ES\" \/>\n<meta property=\"og:type\" content=\"article\" \/>\n<meta property=\"og:title\" content=\"Secretar\u00eda - Climate Charter\" \/>\n<meta property=\"og:description\" content=\"Secretar\u00eda de la Carta El establecimiento de la Secretar\u00eda de la Carta sobre el Clima y el Medio Ambiente para las Organizaciones Humanitarias se anunci\u00f3 en la COP28 en Dub\u00e1i en diciembre de 2023. La Secretar\u00eda de la Carta sirve como centro de referencia para apoyar y conectar a las organizaciones para implementar los compromisos [&hellip;]\" \/>\n<meta property=\"og:url\" content=\"https:\/\/www.climate-charter.org\/es\/secretaria\/\" \/>\n<meta property=\"og:site_name\" content=\"Climate Charter\" \/>\n<meta property=\"article:modified_time\" content=\"2025-05-01T17:04:52+00:00\" \/>\n<meta name=\"twitter:card\" content=\"summary_large_image\" \/>\n<meta name=\"twitter:label1\" content=\"Tiempo de lectura\" \/>\n\t<meta name=\"twitter:data1\" content=\"2 minutos\" \/>\n<script type=\"application\/ld+json\" class=\"yoast-schema-graph\">{\"@context\":\"https:\/\/schema.org\",\"@graph\":[{\"@type\":\"WebPage\",\"@id\":\"https:\/\/www.climate-charter.org\/es\/secretaria\/\",\"url\":\"https:\/\/www.climate-charter.org\/es\/secretaria\/\",\"name\":\"Secretar\u00eda - Climate Charter\",\"isPartOf\":{\"@id\":\"https:\/\/www.climate-charter.org\/es\/#website\"},\"datePublished\":\"2024-07-01T10:46:38+00:00\",\"dateModified\":\"2025-05-01T17:04:52+00:00\",\"breadcrumb\":{\"@id\":\"https:\/\/www.climate-charter.org\/es\/secretaria\/#breadcrumb\"},\"inLanguage\":\"es\",\"potentialAction\":[{\"@type\":\"ReadAction\",\"target\":[\"https:\/\/www.climate-charter.org\/es\/secretaria\/\"]}]},{\"@type\":\"BreadcrumbList\",\"@id\":\"https:\/\/www.climate-charter.org\/es\/secretaria\/#breadcrumb\",\"itemListElement\":[{\"@type\":\"ListItem\",\"position\":1,\"name\":\"Home\",\"item\":\"https:\/\/www.climate-charter.org\/es\/\"},{\"@type\":\"ListItem\",\"position\":2,\"name\":\"Secretar\u00eda\"}]},{\"@type\":\"WebSite\",\"@id\":\"https:\/\/www.climate-charter.org\/es\/#website\",\"url\":\"https:\/\/www.climate-charter.org\/es\/\",\"name\":\"Climate Charter\",\"description\":\"Sign the Climate and Environment Charter\",\"potentialAction\":[{\"@type\":\"SearchAction\",\"target\":{\"@type\":\"EntryPoint\",\"urlTemplate\":\"https:\/\/www.climate-charter.org\/es\/?s={search_term_string}\"},\"query-input\":{\"@type\":\"PropertyValueSpecification\",\"valueRequired\":true,\"valueName\":\"search_term_string\"}}],\"inLanguage\":\"es\"}]}<\/script>\n<!-- \/ Yoast SEO plugin. -->","yoast_head_json":{"title":"Secretar\u00eda - Climate Charter","robots":{"index":"index","follow":"follow","max-snippet":"max-snippet:-1","max-image-preview":"max-image-preview:large","max-video-preview":"max-video-preview:-1"},"canonical":"https:\/\/www.climate-charter.org\/es\/secretaria\/","og_locale":"es_ES","og_type":"article","og_title":"Secretar\u00eda - Climate Charter","og_description":"Secretar\u00eda de la Carta El establecimiento de la Secretar\u00eda de la Carta sobre el Clima y el Medio Ambiente para las Organizaciones Humanitarias se anunci\u00f3 en la COP28 en Dub\u00e1i en diciembre de 2023. La Secretar\u00eda de la Carta sirve como centro de referencia para apoyar y conectar a las organizaciones para implementar los compromisos [&hellip;]","og_url":"https:\/\/www.climate-charter.org\/es\/secretaria\/","og_site_name":"Climate Charter","article_modified_time":"2025-05-01T17:04:52+00:00","twitter_card":"summary_large_image","twitter_misc":{"Tiempo de lectura":"2 minutos"},"schema":{"@context":"https:\/\/schema.org","@graph":[{"@type":"WebPage","@id":"https:\/\/www.climate-charter.org\/es\/secretaria\/","url":"https:\/\/www.climate-charter.org\/es\/secretaria\/","name":"Secretar\u00eda - Climate Charter","isPartOf":{"@id":"https:\/\/www.climate-charter.org\/es\/#website"},"datePublished":"2024-07-01T10:46:38+00:00","dateModified":"2025-05-01T17:04:52+00:00","breadcrumb":{"@id":"https:\/\/www.climate-charter.org\/es\/secretaria\/#breadcrumb"},"inLanguage":"es","potentialAction":[{"@type":"ReadAction","target":["https:\/\/www.climate-charter.org\/es\/secretaria\/"]}]},{"@type":"BreadcrumbList","@id":"https:\/\/www.climate-charter.org\/es\/secretaria\/#breadcrumb","itemListElement":[{"@type":"ListItem","position":1,"name":"Home","item":"https:\/\/www.climate-charter.org\/es\/"},{"@type":"ListItem","position":2,"name":"Secretar\u00eda"}]},{"@type":"WebSite","@id":"https:\/\/www.climate-charter.org\/es\/#website","url":"https:\/\/www.climate-charter.org\/es\/","name":"Climate Charter","description":"Sign the Climate and Environment Charter","potentialAction":[{"@type":"SearchAction","target":{"@type":"EntryPoint","urlTemplate":"https:\/\/www.climate-charter.org\/es\/?s={search_term_string}"},"query-input":{"@type":"PropertyValueSpecification","valueRequired":true,"valueName":"search_term_string"}}],"inLanguage":"es"}]}},"_links":{"self":[{"href":"https:\/\/www.climate-charter.org\/es\/wp-json\/wp\/v2\/pages\/2549","targetHints":{"allow":["GET"]}}],"collection":[{"href":"https:\/\/www.climate-charter.org\/es\/wp-json\/wp\/v2\/pages"}],"about":[{"href":"https:\/\/www.climate-charter.org\/es\/wp-json\/wp\/v2\/types\/page"}],"author":[{"embeddable":true,"href":"https:\/\/www.climate-charter.org\/es\/wp-json\/wp\/v2\/users\/1"}],"replies":[{"embeddable":true,"href":"https:\/\/www.climate-charter.org\/es\/wp-json\/wp\/v2\/comments?post=2549"}],"version-history":[{"count":7,"href":"https:\/\/www.climate-charter.org\/es\/wp-json\/wp\/v2\/pages\/2549\/revisions"}],"predecessor-version":[{"id":3973,"href":"https:\/\/www.climate-charter.org\/es\/wp-json\/wp\/v2\/pages\/2549\/revisions\/3973"}],"wp:attachment":[{"href":"https:\/\/www.climate-charter.org\/es\/wp-json\/wp\/v2\/media?parent=2549"}],"curies":[{"name":"wp","href":"https:\/\/api.w.org\/{rel}","templated":true}]}}