{"id":4794,"date":"2025-10-08T18:30:13","date_gmt":"2025-10-08T18:30:13","guid":{"rendered":"https:\/\/www.climate-charter.org\/?page_id=4794"},"modified":"2025-10-08T18:30:13","modified_gmt":"2025-10-08T18:30:13","slug":"herramientas-y-recursos","status":"publish","type":"page","link":"https:\/\/www.climate-charter.org\/es\/herramientas-y-recursos\/","title":{"rendered":"Herramientas y recursos"},"content":{"rendered":"<p data-start=\"210\" data-end=\"935\">A lo largo de 2025, la Secretar\u00eda del Charter publicar\u00e1 en este sitio web una serie de p\u00e1ginas tem\u00e1ticas de orientaci\u00f3n para apoyar el intercambio de capacidades en relaci\u00f3n con los compromisos del Charter. Estos recursos incluyen herramientas, gu\u00edas, oportunidades de formaci\u00f3n, grupos de trabajo, comunidades de pr\u00e1ctica, expertos t\u00e9cnicos, bibliotecas de recursos y servicios de apoyo, entre muchas otras formas de asistencia. A medida que se desarrollen estas p\u00e1ginas tem\u00e1ticas, las ver\u00e1 aparecer en los botones que figuran a continuaci\u00f3n. Si dispone de recursos o conocimientos que desee compartir con el sector, p\u00f3ngase en contacto con la secretar\u00eda en: <strong data-start=\"900\" data-end=\"935\"><a class=\"decorated-link cursor-pointer\" rel=\"noopener\" data-start=\"902\" data-end=\"933\">secretariat@climate-charter.org<\/a><\/strong><\/p>\n","protected":false},"excerpt":{"rendered":"<p>A lo largo de 2025, la Secretar\u00eda del Charter publicar\u00e1 en este sitio web una serie de p\u00e1ginas tem\u00e1ticas de orientaci\u00f3n para apoyar el intercambio de capacidades en relaci\u00f3n con los compromisos del Charter. Estos recursos incluyen herramientas, gu\u00edas, oportunidades de formaci\u00f3n, grupos de trabajo, comunidades de pr\u00e1ctica, expertos t\u00e9cnicos, bibliotecas de recursos y servicios [&hellip;]<\/p>\n","protected":false},"author":16,"featured_media":0,"parent":0,"menu_order":0,"comment_status":"closed","ping_status":"closed","template":"template-guidance-with-themes.php","meta":{"_acf_changed":false,"footnotes":""},"class_list":["post-4794","page","type-page","status-publish","hentry"],"acf":[],"yoast_head":"<!-- This site is optimized with the Yoast SEO plugin v27.2 - https:\/\/yoast.com\/product\/yoast-seo-wordpress\/ -->\n<title>Herramientas y recursos - Climate Charter<\/title>\n<meta name=\"robots\" content=\"index, follow, max-snippet:-1, max-image-preview:large, max-video-preview:-1\" \/>\n<link rel=\"canonical\" href=\"https:\/\/www.climate-charter.org\/es\/herramientas-y-recursos\/\" \/>\n<meta property=\"og:locale\" content=\"es_ES\" \/>\n<meta property=\"og:type\" content=\"article\" \/>\n<meta property=\"og:title\" content=\"Herramientas y recursos - Climate Charter\" \/>\n<meta property=\"og:description\" content=\"A lo largo de 2025, la Secretar\u00eda del Charter publicar\u00e1 en este sitio web una serie de p\u00e1ginas tem\u00e1ticas de orientaci\u00f3n para apoyar el intercambio de capacidades en relaci\u00f3n con los compromisos del Charter. Estos recursos incluyen herramientas, gu\u00edas, oportunidades de formaci\u00f3n, grupos de trabajo, comunidades de pr\u00e1ctica, expertos t\u00e9cnicos, bibliotecas de recursos y servicios [&hellip;]\" \/>\n<meta property=\"og:url\" content=\"https:\/\/www.climate-charter.org\/es\/herramientas-y-recursos\/\" \/>\n<meta property=\"og:site_name\" content=\"Climate Charter\" \/>\n<meta name=\"twitter:card\" content=\"summary_large_image\" \/>\n<meta name=\"twitter:label1\" content=\"Tiempo de lectura\" \/>\n\t<meta name=\"twitter:data1\" content=\"1 minuto\" \/>\n<script type=\"application\/ld+json\" class=\"yoast-schema-graph\">{\"@context\":\"https:\/\/schema.org\",\"@graph\":[{\"@type\":\"WebPage\",\"@id\":\"https:\/\/www.climate-charter.org\/es\/herramientas-y-recursos\/\",\"url\":\"https:\/\/www.climate-charter.org\/es\/herramientas-y-recursos\/\",\"name\":\"Herramientas y recursos - Climate Charter\",\"isPartOf\":{\"@id\":\"https:\/\/www.climate-charter.org\/es\/#website\"},\"datePublished\":\"2025-10-08T18:30:13+00:00\",\"breadcrumb\":{\"@id\":\"https:\/\/www.climate-charter.org\/es\/herramientas-y-recursos\/#breadcrumb\"},\"inLanguage\":\"es\",\"potentialAction\":[{\"@type\":\"ReadAction\",\"target\":[\"https:\/\/www.climate-charter.org\/es\/herramientas-y-recursos\/\"]}]},{\"@type\":\"BreadcrumbList\",\"@id\":\"https:\/\/www.climate-charter.org\/es\/herramientas-y-recursos\/#breadcrumb\",\"itemListElement\":[{\"@type\":\"ListItem\",\"position\":1,\"name\":\"Home\",\"item\":\"https:\/\/www.climate-charter.org\/es\/\"},{\"@type\":\"ListItem\",\"position\":2,\"name\":\"Herramientas y recursos\"}]},{\"@type\":\"WebSite\",\"@id\":\"https:\/\/www.climate-charter.org\/es\/#website\",\"url\":\"https:\/\/www.climate-charter.org\/es\/\",\"name\":\"Climate Charter\",\"description\":\"Sign the Climate and Environment Charter\",\"potentialAction\":[{\"@type\":\"SearchAction\",\"target\":{\"@type\":\"EntryPoint\",\"urlTemplate\":\"https:\/\/www.climate-charter.org\/es\/?s={search_term_string}\"},\"query-input\":{\"@type\":\"PropertyValueSpecification\",\"valueRequired\":true,\"valueName\":\"search_term_string\"}}],\"inLanguage\":\"es\"}]}<\/script>\n<!-- \/ Yoast SEO plugin. -->","yoast_head_json":{"title":"Herramientas y recursos - Climate Charter","robots":{"index":"index","follow":"follow","max-snippet":"max-snippet:-1","max-image-preview":"max-image-preview:large","max-video-preview":"max-video-preview:-1"},"canonical":"https:\/\/www.climate-charter.org\/es\/herramientas-y-recursos\/","og_locale":"es_ES","og_type":"article","og_title":"Herramientas y recursos - Climate Charter","og_description":"A lo largo de 2025, la Secretar\u00eda del Charter publicar\u00e1 en este sitio web una serie de p\u00e1ginas tem\u00e1ticas de orientaci\u00f3n para apoyar el intercambio de capacidades en relaci\u00f3n con los compromisos del Charter. Estos recursos incluyen herramientas, gu\u00edas, oportunidades de formaci\u00f3n, grupos de trabajo, comunidades de pr\u00e1ctica, expertos t\u00e9cnicos, bibliotecas de recursos y servicios [&hellip;]","og_url":"https:\/\/www.climate-charter.org\/es\/herramientas-y-recursos\/","og_site_name":"Climate Charter","twitter_card":"summary_large_image","twitter_misc":{"Tiempo de lectura":"1 minuto"},"schema":{"@context":"https:\/\/schema.org","@graph":[{"@type":"WebPage","@id":"https:\/\/www.climate-charter.org\/es\/herramientas-y-recursos\/","url":"https:\/\/www.climate-charter.org\/es\/herramientas-y-recursos\/","name":"Herramientas y recursos - Climate Charter","isPartOf":{"@id":"https:\/\/www.climate-charter.org\/es\/#website"},"datePublished":"2025-10-08T18:30:13+00:00","breadcrumb":{"@id":"https:\/\/www.climate-charter.org\/es\/herramientas-y-recursos\/#breadcrumb"},"inLanguage":"es","potentialAction":[{"@type":"ReadAction","target":["https:\/\/www.climate-charter.org\/es\/herramientas-y-recursos\/"]}]},{"@type":"BreadcrumbList","@id":"https:\/\/www.climate-charter.org\/es\/herramientas-y-recursos\/#breadcrumb","itemListElement":[{"@type":"ListItem","position":1,"name":"Home","item":"https:\/\/www.climate-charter.org\/es\/"},{"@type":"ListItem","position":2,"name":"Herramientas y recursos"}]},{"@type":"WebSite","@id":"https:\/\/www.climate-charter.org\/es\/#website","url":"https:\/\/www.climate-charter.org\/es\/","name":"Climate Charter","description":"Sign the Climate and Environment Charter","potentialAction":[{"@type":"SearchAction","target":{"@type":"EntryPoint","urlTemplate":"https:\/\/www.climate-charter.org\/es\/?s={search_term_string}"},"query-input":{"@type":"PropertyValueSpecification","valueRequired":true,"valueName":"search_term_string"}}],"inLanguage":"es"}]}},"_links":{"self":[{"href":"https:\/\/www.climate-charter.org\/es\/wp-json\/wp\/v2\/pages\/4794","targetHints":{"allow":["GET"]}}],"collection":[{"href":"https:\/\/www.climate-charter.org\/es\/wp-json\/wp\/v2\/pages"}],"about":[{"href":"https:\/\/www.climate-charter.org\/es\/wp-json\/wp\/v2\/types\/page"}],"author":[{"embeddable":true,"href":"https:\/\/www.climate-charter.org\/es\/wp-json\/wp\/v2\/users\/16"}],"replies":[{"embeddable":true,"href":"https:\/\/www.climate-charter.org\/es\/wp-json\/wp\/v2\/comments?post=4794"}],"version-history":[{"count":1,"href":"https:\/\/www.climate-charter.org\/es\/wp-json\/wp\/v2\/pages\/4794\/revisions"}],"predecessor-version":[{"id":4795,"href":"https:\/\/www.climate-charter.org\/es\/wp-json\/wp\/v2\/pages\/4794\/revisions\/4795"}],"wp:attachment":[{"href":"https:\/\/www.climate-charter.org\/es\/wp-json\/wp\/v2\/media?parent=4794"}],"curies":[{"name":"wp","href":"https:\/\/api.w.org\/{rel}","templated":true}]}}