{"id":1184,"date":"2022-03-09T09:07:44","date_gmt":"2022-03-09T09:07:44","guid":{"rendered":"https:\/\/www.climate-charter.org\/a-propos\/"},"modified":"2025-01-02T01:56:38","modified_gmt":"2025-01-02T01:56:38","slug":"a-propos","status":"publish","type":"page","link":"https:\/\/www.climate-charter.org\/fr\/a-propos\/","title":{"rendered":"\u00c0 propos"},"content":{"rendered":"<h3><strong>\u00c0 propos de la Charte sur le Climat et l\u2019Environnement pour les Organisations Humanitaires<\/strong><\/h3>\n<p>Les crises climatiques et environnementales figurent parmi les plus grands d\u00e9fis auxquels l\u2019humanit\u00e9 est confront\u00e9e aujourd\u2019hui. Leurs impacts se font sentir \u00e0 l\u2019\u00e9chelle mondiale, mais ce sont les communaut\u00e9s les plus pauvres et les plus marginalis\u00e9es\u2014celles dont les capacit\u00e9s d\u2019adaptation sont les moindres\u2014qui sont affect\u00e9es de mani\u00e8re disproportionn\u00e9e. Ces crises appara\u00eessent en m\u00eame temps que les conflits arm\u00e9s, les d\u00e9placements, une gouvernance faible, la pauvret\u00e9 et les in\u00e9galit\u00e9s structurelles, aggravant la vuln\u00e9rabilit\u00e9 et mena\u00e7ant les vies et les moyens de subsistance.<\/p>\n<p>La Charte sur le Climat et l\u2019Environnement, lanc\u00e9e en mai 2021, est un cadre de mesures qui \u00e9tablit des engagements orientant le secteur humanitaire vers une r\u00e9action face \u00e0 ces crises. Elle envoie un message clair indiquant que les organisations humanitaires ont un r\u00f4le cl\u00e9 \u00e0 jouer face \u00e0 ces crises. Elle souligne notre responsabilit\u00e9 d\u2019aider les communaut\u00e9s \u00e0 s\u2019adapter aux r\u00e9alit\u00e9s d\u2019un climat et d\u2019un environnement en constante \u00e9volution, tout en am\u00e9liorant la durabilit\u00e9 de nos propres activit\u00e9s.<\/p>\n<p>La Charte d\u00e9coule de la prise de conscience que le secteur humanitaire doit agir collectivement et qu\u2019il a la responsabilit\u00e9 de r\u00e9pondre aux cons\u00e9quences humanitaires de ces crises et de r\u00e9duire l\u2019impact environnemental de ses actions. \u00c0 l\u2019instar du Code de Conduite, la Charte repr\u00e9sente l\u2019engagement du secteur \u00e0 s\u2019acquitter de ses obligations, \u00e0 travailler en coop\u00e9ration, \u00e0 s\u2019assurer que nos actions r\u00e9duisent l\u2019impact des crises, et \u00e0 convaincre les autres d\u2019en faire autant.<\/p>\n<p>Depuis son lancement, la Charte est devenue un point de ralliement pour les organisations d\u00e9termin\u00e9es \u00e0 aborder les crises climatiques et environnementales de mani\u00e8re collective et coordonn\u00e9e.<\/p>\n<h3><strong>Une Fondation en collaboration<\/strong><\/h3>\n<p>La Charte est le fruit d\u2019un processus consultatif entre partis unifi\u00e9s. Sa cr\u00e9ation a \u00e9t\u00e9 dirig\u00e9e par le <a href=\"https:\/\/www.icrc.org\/\">Comit\u00e9 international de la Croix-Rouge (CICR)<\/a> et la F\u00e9d\u00e9ration internationale des Soci\u00e9t\u00e9s de la <a href=\"https:\/\/www.ifrc.org\/\">Croix-Rouge et du Croissant-Rouge (FICR),<\/a> avec l\u2019appui d\u2019un Comit\u00e9 consultatif compos\u00e9 de 19 membres, incluant des repr\u00e9sentants d\u2019ONG locales, nationales et internationales, d\u2019agences des Nations Unies, de Soci\u00e9t\u00e9s nationales de la Croix-Rouge et du Croissant-Rouge, ainsi que d\u2019universitaires, de chercheurs et d\u2019experts des domaines humanitaire, de d\u00e9veloppement, du climat et de l\u2019environnement. Ce comit\u00e9 repr\u00e9sente et est li\u00e9 \u00e0 plusieurs r\u00e9seaux humanitaires importants, dont <a href=\"https:\/\/www.icvanetwork.org\/\">le Conseil international des agences b\u00e9n\u00e9voles (ICVA)<\/a>, l\u2019Alliance for Empowering Partnership, InterAction, le R\u00e9seau sur l\u2019Action Humanitaire et l\u2019Environnement, le Comit\u00e9 directeur pour l\u2019intervention humanitaire et le groupe de travail inter-agences sur le changement climatique.<\/p>\n<p>Cet effort en collaboration a permis de recueillir les contributions de plus de 150 organisations et de plus de 200 individus par le biais de consultations, de discussions bilat\u00e9rales, de r\u00e9unions virtuelles, de deux sessions de r\u00e9actions et d\u2019une consultation en ligne. Le r\u00e9sultat est un document qui refl\u00e8te les perspectives et l\u2019expertise diversifi\u00e9es de la communaut\u00e9 humanitaire, garantissant sa pertinence et ses possibilit\u00e9s d\u2019applicaton dans diff\u00e9rents contextes.<\/p>\n<p>Vous pouvez ici t\u00e9l\u00e9charger <a href=\"https:\/\/www.climate-charter.org\/wp-content\/uploads\/2021\/12\/Feedback-Report.pdf\">le document portant sur les r\u00e9actions.<\/a><\/p>\n<h3><strong>Le Secr\u00e9tariat de la Charte<\/strong><\/h3>\n<p>En d\u00e9cembre 2023, lors de la COP28 \u00e0 Duba\u00ef, la cr\u00e9ation du Secr\u00e9tariat pour la Charte sur le Climat et l\u2019Environnement pour les Organisations Humanitaires a \u00e9t\u00e9 annonc\u00e9e. Le Secr\u00e9tariat, lanc\u00e9 en mai 2024, se consacre \u00e0 soutenir les organisations dans le suivi des engagements de la Charte par le biais de quatre fonctions principales :<\/p>\n<ol>\n<li>Rapprochement des ressources et des expertises.<\/li>\n<li>Transmission des connaissances et collaboration.<\/li>\n<li>Engagement et communication.<\/li>\n<li>Plaidoyer et promotion.<\/li>\n<\/ol>\n<p>Le Secr\u00e9tariat agit \u00e0 titre de catalyseur de l\u2019action, permettant aux organisations de progresser concr\u00e8tement vers les objectifs de la Charte. D\u00e9couvrez de plus amples informations sur les fonctions du Secr\u00e9tariat, sa structure de gouvernance et son programme de mesures sur la <a href=\"https:\/\/www.climate-charter.org\/fr\/secretariat\/\">page du Secr\u00e9tariat<\/a>.<\/p>\n<h3><strong>Rejoignez-nous !<\/strong><\/h3>\n<p>La Charte sur le Climat et l\u2019Environnement repr\u00e9sente un engagement collectif visant \u00e0 r\u00e9agir face aux crises climatiques et environnementales en tant qu\u2019imp\u00e9ratifs humanitaires. Gr\u00e2ce \u00e0 notre collaboration, nous pouvons renforcer nos efforts, autonomiser les communaut\u00e9s affect\u00e9es et garantir que l\u2019action humanitaire contribue \u00e0 un avenir plus durable et \u00e9quitable.<\/p>\n<p><a href=\"https:\/\/www.climate-charter.org\/fr\/#sign-the-charter\"><strong>Signez la Charte<\/strong><\/a><\/p>\n<p>Pour rester inform\u00e9 des progr\u00e8s r\u00e9alis\u00e9s et de l\u2019avancement dans le secteur, des opportunit\u00e9s de collaboration, des nouveaux outils et ressources pour agir, ainsi que des \u00e9v\u00e9nements \u00e0 venir, vous pouvez vous inscrire au <a href=\"https:\/\/www.climate-charter.org\/fr\/declarations\/bulletins-dinformation\/\">bulletin du Secr\u00e9tariat de la Charte<\/a> ou consulter les prochains <a href=\"https:\/\/www.climate-charter.org\/events\/\">\u00e9v\u00e9nements<\/a>.<\/p>\n<p>&nbsp;<\/p>\n","protected":false},"excerpt":{"rendered":"<p>\u00c0 propos de la Charte sur le Climat et l\u2019Environnement pour les Organisations Humanitaires Les crises climatiques et environnementales figurent parmi les plus grands d\u00e9fis auxquels l\u2019humanit\u00e9 est confront\u00e9e aujourd\u2019hui. Leurs impacts se font sentir \u00e0 l\u2019\u00e9chelle mondiale, mais ce sont les communaut\u00e9s les plus pauvres et les plus marginalis\u00e9es\u2014celles dont les capacit\u00e9s d\u2019adaptation sont [&hellip;]<\/p>\n","protected":false},"author":1,"featured_media":0,"parent":0,"menu_order":0,"comment_status":"closed","ping_status":"closed","template":"template-about.php","meta":{"_acf_changed":false,"footnotes":""},"class_list":["post-1184","page","type-page","status-publish","hentry"],"acf":[],"yoast_head":"<!-- This site is optimized with the Yoast SEO plugin v27.2 - https:\/\/yoast.com\/product\/yoast-seo-wordpress\/ -->\n<title>\u00c0 propos - Climate Charter<\/title>\n<meta name=\"robots\" content=\"index, follow, max-snippet:-1, max-image-preview:large, max-video-preview:-1\" \/>\n<link rel=\"canonical\" href=\"https:\/\/www.climate-charter.org\/fr\/a-propos\/\" \/>\n<meta property=\"og:locale\" content=\"fr_FR\" \/>\n<meta property=\"og:type\" content=\"article\" \/>\n<meta property=\"og:title\" content=\"\u00c0 propos - Climate Charter\" \/>\n<meta property=\"og:description\" content=\"\u00c0 propos de la Charte sur le Climat et l\u2019Environnement pour les Organisations Humanitaires Les crises climatiques et environnementales figurent parmi les plus grands d\u00e9fis auxquels l\u2019humanit\u00e9 est confront\u00e9e aujourd\u2019hui. Leurs impacts se font sentir \u00e0 l\u2019\u00e9chelle mondiale, mais ce sont les communaut\u00e9s les plus pauvres et les plus marginalis\u00e9es\u2014celles dont les capacit\u00e9s d\u2019adaptation sont [&hellip;]\" \/>\n<meta property=\"og:url\" content=\"https:\/\/www.climate-charter.org\/fr\/a-propos\/\" \/>\n<meta property=\"og:site_name\" content=\"Climate Charter\" \/>\n<meta property=\"article:modified_time\" content=\"2025-01-02T01:56:38+00:00\" \/>\n<meta name=\"twitter:card\" content=\"summary_large_image\" \/>\n<meta name=\"twitter:label1\" content=\"Dur\u00e9e de lecture estim\u00e9e\" \/>\n\t<meta name=\"twitter:data1\" content=\"4 minutes\" \/>\n<script type=\"application\/ld+json\" class=\"yoast-schema-graph\">{\"@context\":\"https:\/\/schema.org\",\"@graph\":[{\"@type\":\"WebPage\",\"@id\":\"https:\/\/www.climate-charter.org\/fr\/a-propos\/\",\"url\":\"https:\/\/www.climate-charter.org\/fr\/a-propos\/\",\"name\":\"\u00c0 propos - Climate Charter\",\"isPartOf\":{\"@id\":\"https:\/\/www.climate-charter.org\/fr\/#website\"},\"datePublished\":\"2022-03-09T09:07:44+00:00\",\"dateModified\":\"2025-01-02T01:56:38+00:00\",\"breadcrumb\":{\"@id\":\"https:\/\/www.climate-charter.org\/fr\/a-propos\/#breadcrumb\"},\"inLanguage\":\"fr-FR\",\"potentialAction\":[{\"@type\":\"ReadAction\",\"target\":[\"https:\/\/www.climate-charter.org\/fr\/a-propos\/\"]}]},{\"@type\":\"BreadcrumbList\",\"@id\":\"https:\/\/www.climate-charter.org\/fr\/a-propos\/#breadcrumb\",\"itemListElement\":[{\"@type\":\"ListItem\",\"position\":1,\"name\":\"Home\",\"item\":\"https:\/\/www.climate-charter.org\/fr\/\"},{\"@type\":\"ListItem\",\"position\":2,\"name\":\"\u00c0 propos\"}]},{\"@type\":\"WebSite\",\"@id\":\"https:\/\/www.climate-charter.org\/fr\/#website\",\"url\":\"https:\/\/www.climate-charter.org\/fr\/\",\"name\":\"Climate Charter\",\"description\":\"Sign the Climate and Environment Charter\",\"potentialAction\":[{\"@type\":\"SearchAction\",\"target\":{\"@type\":\"EntryPoint\",\"urlTemplate\":\"https:\/\/www.climate-charter.org\/fr\/?s={search_term_string}\"},\"query-input\":{\"@type\":\"PropertyValueSpecification\",\"valueRequired\":true,\"valueName\":\"search_term_string\"}}],\"inLanguage\":\"fr-FR\"}]}<\/script>\n<!-- \/ Yoast SEO plugin. -->","yoast_head_json":{"title":"\u00c0 propos - Climate Charter","robots":{"index":"index","follow":"follow","max-snippet":"max-snippet:-1","max-image-preview":"max-image-preview:large","max-video-preview":"max-video-preview:-1"},"canonical":"https:\/\/www.climate-charter.org\/fr\/a-propos\/","og_locale":"fr_FR","og_type":"article","og_title":"\u00c0 propos - Climate Charter","og_description":"\u00c0 propos de la Charte sur le Climat et l\u2019Environnement pour les Organisations Humanitaires Les crises climatiques et environnementales figurent parmi les plus grands d\u00e9fis auxquels l\u2019humanit\u00e9 est confront\u00e9e aujourd\u2019hui. Leurs impacts se font sentir \u00e0 l\u2019\u00e9chelle mondiale, mais ce sont les communaut\u00e9s les plus pauvres et les plus marginalis\u00e9es\u2014celles dont les capacit\u00e9s d\u2019adaptation sont [&hellip;]","og_url":"https:\/\/www.climate-charter.org\/fr\/a-propos\/","og_site_name":"Climate Charter","article_modified_time":"2025-01-02T01:56:38+00:00","twitter_card":"summary_large_image","twitter_misc":{"Dur\u00e9e de lecture estim\u00e9e":"4 minutes"},"schema":{"@context":"https:\/\/schema.org","@graph":[{"@type":"WebPage","@id":"https:\/\/www.climate-charter.org\/fr\/a-propos\/","url":"https:\/\/www.climate-charter.org\/fr\/a-propos\/","name":"\u00c0 propos - Climate Charter","isPartOf":{"@id":"https:\/\/www.climate-charter.org\/fr\/#website"},"datePublished":"2022-03-09T09:07:44+00:00","dateModified":"2025-01-02T01:56:38+00:00","breadcrumb":{"@id":"https:\/\/www.climate-charter.org\/fr\/a-propos\/#breadcrumb"},"inLanguage":"fr-FR","potentialAction":[{"@type":"ReadAction","target":["https:\/\/www.climate-charter.org\/fr\/a-propos\/"]}]},{"@type":"BreadcrumbList","@id":"https:\/\/www.climate-charter.org\/fr\/a-propos\/#breadcrumb","itemListElement":[{"@type":"ListItem","position":1,"name":"Home","item":"https:\/\/www.climate-charter.org\/fr\/"},{"@type":"ListItem","position":2,"name":"\u00c0 propos"}]},{"@type":"WebSite","@id":"https:\/\/www.climate-charter.org\/fr\/#website","url":"https:\/\/www.climate-charter.org\/fr\/","name":"Climate Charter","description":"Sign the Climate and Environment Charter","potentialAction":[{"@type":"SearchAction","target":{"@type":"EntryPoint","urlTemplate":"https:\/\/www.climate-charter.org\/fr\/?s={search_term_string}"},"query-input":{"@type":"PropertyValueSpecification","valueRequired":true,"valueName":"search_term_string"}}],"inLanguage":"fr-FR"}]}},"_links":{"self":[{"href":"https:\/\/www.climate-charter.org\/fr\/wp-json\/wp\/v2\/pages\/1184","targetHints":{"allow":["GET"]}}],"collection":[{"href":"https:\/\/www.climate-charter.org\/fr\/wp-json\/wp\/v2\/pages"}],"about":[{"href":"https:\/\/www.climate-charter.org\/fr\/wp-json\/wp\/v2\/types\/page"}],"author":[{"embeddable":true,"href":"https:\/\/www.climate-charter.org\/fr\/wp-json\/wp\/v2\/users\/1"}],"replies":[{"embeddable":true,"href":"https:\/\/www.climate-charter.org\/fr\/wp-json\/wp\/v2\/comments?post=1184"}],"version-history":[{"count":14,"href":"https:\/\/www.climate-charter.org\/fr\/wp-json\/wp\/v2\/pages\/1184\/revisions"}],"predecessor-version":[{"id":3377,"href":"https:\/\/www.climate-charter.org\/fr\/wp-json\/wp\/v2\/pages\/1184\/revisions\/3377"}],"wp:attachment":[{"href":"https:\/\/www.climate-charter.org\/fr\/wp-json\/wp\/v2\/media?parent=1184"}],"curies":[{"name":"wp","href":"https:\/\/api.w.org\/{rel}","templated":true}]}}