{"id":1225,"date":"2022-03-16T18:22:57","date_gmt":"2022-03-16T18:22:57","guid":{"rendered":"https:\/\/www.climate-charter.org\/orientations\/"},"modified":"2025-10-06T19:15:25","modified_gmt":"2025-10-06T19:15:25","slug":"orientations","status":"publish","type":"page","link":"https:\/\/www.climate-charter.org\/fr\/orientations\/","title":{"rendered":"Orientations"},"content":{"rendered":"<p>Dans l\u2019ensemble du secteur humanitaire, les organisations d\u00e9veloppent leurs capacit\u00e9s \u00e0 agir face au changement climatique et aux enjeux environnementaux. Cette page de conseils offre deux formes de soutien aux organisations dans leurs efforts pour faire progresser les engagements de la Charte.<\/p>\n<p><a href=\"https:\/\/www.climate-charter.org\/fr\/engagements-de-la-charte\/\" class=\"guidance-link\"><\/p>\n<div class=\"guidance-box\">\n<h4><span style=\"color: #e36340;\"><strong>Comprendre les engagements<\/strong><\/span><\/h4>\n<p>Ces orientations visent \u00e0 aider les organisations \u00e0 approfondir leur compr\u00e9hension des engagements de la Charte afin de d\u00e9velopper des objectifs et de mesurer les progr\u00e8s accomplis. Elles \u00e9volueront au fil du temps, \u00e0 mesure que nos connaissances et nos pratiques se d\u00e9veloppent.<\/p>\n<\/p><\/div>\n<p><\/a><\/p>\n<p><a href=\"https:\/\/www.climate-charter.org\/fr\/en-bonne-voie\/\" class=\"guidance-link\"><\/p>\n<div class=\"guidance-box\">\n<h4><span style=\"color: #e36340;\"><strong>Guide pour l\u2019\u00e9laboration des objectifs<\/strong><\/span><\/h4>\n<p>Pour concr\u00e9tiser les engagements de la Charte, les organisations doivent d\u00e9finir des objectifs sp\u00e9cifiques et mesurables, et concevoir des plans d\u2019action qui d\u00e9crivent comment elles comptent les atteindre. Le Secr\u00e9tariat de la Charte a command\u00e9 une \u00e9tude de cas sur la mani\u00e8re dont les signataires mettent en \u0153uvre les engagements, pr\u00e9sentant des exemples, des le\u00e7ons tir\u00e9es et des recommandations sur le processus de d\u00e9finition et de mise en \u0153uvre des objectifs.<\/p>\n<\/p><\/div>\n<p><\/a><\/p>\n<p><a href=\"https:\/\/www.climate-charter.org\/fr\/outils-et-ressources\/\" class=\"guidance-link\"><\/p>\n<div class=\"guidance-box\">\n<h4><span style=\"color: #e36340;\"><strong>Plateforme d\u2019outils et de ressources<\/strong><\/span><\/h4>\n<p>Le Secr\u00e9tariat de la Charte publie une s\u00e9rie de pages th\u00e9matiques pour soutenir le partage de capacit\u00e9s autour des engagements de la Charte. Ces ressources incluent des outils, guides, formations, groupes de travail, communaut\u00e9s de pratique, experts techniques, biblioth\u00e8ques de ressources et services d\u2019assistance, entre autres formes de soutien.<\/p>\n<\/p><\/div>\n<p><\/a><\/p>\n","protected":false},"excerpt":{"rendered":"<p>Dans l\u2019ensemble du secteur humanitaire, les organisations d\u00e9veloppent leurs capacit\u00e9s \u00e0 agir face au changement climatique et aux enjeux environnementaux. Cette page de conseils offre deux formes de soutien aux organisations dans leurs efforts pour faire progresser les engagements de la Charte. Comprendre les engagements Ces orientations visent \u00e0 aider les organisations \u00e0 approfondir leur [&hellip;]<\/p>\n","protected":false},"author":1,"featured_media":0,"parent":0,"menu_order":0,"comment_status":"closed","ping_status":"closed","template":"","meta":{"_acf_changed":false,"footnotes":""},"class_list":["post-1225","page","type-page","status-publish","hentry"],"acf":[],"yoast_head":"<!-- This site is optimized with the Yoast SEO plugin v27.4 - https:\/\/yoast.com\/product\/yoast-seo-wordpress\/ -->\n<title>Orientations - Climate Charter<\/title>\n<meta name=\"robots\" content=\"index, follow, max-snippet:-1, max-image-preview:large, max-video-preview:-1\" \/>\n<link rel=\"canonical\" href=\"https:\/\/www.climate-charter.org\/fr\/orientations\/\" \/>\n<meta property=\"og:locale\" content=\"fr_FR\" \/>\n<meta property=\"og:type\" content=\"article\" \/>\n<meta property=\"og:title\" content=\"Orientations - Climate Charter\" \/>\n<meta property=\"og:description\" content=\"Dans l\u2019ensemble du secteur humanitaire, les organisations d\u00e9veloppent leurs capacit\u00e9s \u00e0 agir face au changement climatique et aux enjeux environnementaux. Cette page de conseils offre deux formes de soutien aux organisations dans leurs efforts pour faire progresser les engagements de la Charte. Comprendre les engagements Ces orientations visent \u00e0 aider les organisations \u00e0 approfondir leur [&hellip;]\" \/>\n<meta property=\"og:url\" content=\"https:\/\/www.climate-charter.org\/fr\/orientations\/\" \/>\n<meta property=\"og:site_name\" content=\"Climate Charter\" \/>\n<meta property=\"article:modified_time\" content=\"2025-10-06T19:15:25+00:00\" \/>\n<meta name=\"twitter:card\" content=\"summary_large_image\" \/>\n<meta name=\"twitter:label1\" content=\"Dur\u00e9e de lecture estim\u00e9e\" \/>\n\t<meta name=\"twitter:data1\" content=\"1 minute\" \/>\n<script type=\"application\/ld+json\" class=\"yoast-schema-graph\">{\"@context\":\"https:\\\/\\\/schema.org\",\"@graph\":[{\"@type\":\"WebPage\",\"@id\":\"https:\\\/\\\/www.climate-charter.org\\\/fr\\\/orientations\\\/\",\"url\":\"https:\\\/\\\/www.climate-charter.org\\\/fr\\\/orientations\\\/\",\"name\":\"Orientations - Climate Charter\",\"isPartOf\":{\"@id\":\"https:\\\/\\\/www.climate-charter.org\\\/fr\\\/#website\"},\"datePublished\":\"2022-03-16T18:22:57+00:00\",\"dateModified\":\"2025-10-06T19:15:25+00:00\",\"breadcrumb\":{\"@id\":\"https:\\\/\\\/www.climate-charter.org\\\/fr\\\/orientations\\\/#breadcrumb\"},\"inLanguage\":\"fr-FR\",\"potentialAction\":[{\"@type\":\"ReadAction\",\"target\":[\"https:\\\/\\\/www.climate-charter.org\\\/fr\\\/orientations\\\/\"]}]},{\"@type\":\"BreadcrumbList\",\"@id\":\"https:\\\/\\\/www.climate-charter.org\\\/fr\\\/orientations\\\/#breadcrumb\",\"itemListElement\":[{\"@type\":\"ListItem\",\"position\":1,\"name\":\"Home\",\"item\":\"https:\\\/\\\/www.climate-charter.org\\\/fr\\\/\"},{\"@type\":\"ListItem\",\"position\":2,\"name\":\"Orientations\"}]},{\"@type\":\"WebSite\",\"@id\":\"https:\\\/\\\/www.climate-charter.org\\\/fr\\\/#website\",\"url\":\"https:\\\/\\\/www.climate-charter.org\\\/fr\\\/\",\"name\":\"Climate Charter\",\"description\":\"Sign the Climate and Environment Charter\",\"potentialAction\":[{\"@type\":\"SearchAction\",\"target\":{\"@type\":\"EntryPoint\",\"urlTemplate\":\"https:\\\/\\\/www.climate-charter.org\\\/fr\\\/?s={search_term_string}\"},\"query-input\":{\"@type\":\"PropertyValueSpecification\",\"valueRequired\":true,\"valueName\":\"search_term_string\"}}],\"inLanguage\":\"fr-FR\"}]}<\/script>\n<!-- \/ Yoast SEO plugin. -->","yoast_head_json":{"title":"Orientations - Climate Charter","robots":{"index":"index","follow":"follow","max-snippet":"max-snippet:-1","max-image-preview":"max-image-preview:large","max-video-preview":"max-video-preview:-1"},"canonical":"https:\/\/www.climate-charter.org\/fr\/orientations\/","og_locale":"fr_FR","og_type":"article","og_title":"Orientations - Climate Charter","og_description":"Dans l\u2019ensemble du secteur humanitaire, les organisations d\u00e9veloppent leurs capacit\u00e9s \u00e0 agir face au changement climatique et aux enjeux environnementaux. Cette page de conseils offre deux formes de soutien aux organisations dans leurs efforts pour faire progresser les engagements de la Charte. Comprendre les engagements Ces orientations visent \u00e0 aider les organisations \u00e0 approfondir leur [&hellip;]","og_url":"https:\/\/www.climate-charter.org\/fr\/orientations\/","og_site_name":"Climate Charter","article_modified_time":"2025-10-06T19:15:25+00:00","twitter_card":"summary_large_image","twitter_misc":{"Dur\u00e9e de lecture estim\u00e9e":"1 minute"},"schema":{"@context":"https:\/\/schema.org","@graph":[{"@type":"WebPage","@id":"https:\/\/www.climate-charter.org\/fr\/orientations\/","url":"https:\/\/www.climate-charter.org\/fr\/orientations\/","name":"Orientations - Climate Charter","isPartOf":{"@id":"https:\/\/www.climate-charter.org\/fr\/#website"},"datePublished":"2022-03-16T18:22:57+00:00","dateModified":"2025-10-06T19:15:25+00:00","breadcrumb":{"@id":"https:\/\/www.climate-charter.org\/fr\/orientations\/#breadcrumb"},"inLanguage":"fr-FR","potentialAction":[{"@type":"ReadAction","target":["https:\/\/www.climate-charter.org\/fr\/orientations\/"]}]},{"@type":"BreadcrumbList","@id":"https:\/\/www.climate-charter.org\/fr\/orientations\/#breadcrumb","itemListElement":[{"@type":"ListItem","position":1,"name":"Home","item":"https:\/\/www.climate-charter.org\/fr\/"},{"@type":"ListItem","position":2,"name":"Orientations"}]},{"@type":"WebSite","@id":"https:\/\/www.climate-charter.org\/fr\/#website","url":"https:\/\/www.climate-charter.org\/fr\/","name":"Climate Charter","description":"Sign the Climate and Environment Charter","potentialAction":[{"@type":"SearchAction","target":{"@type":"EntryPoint","urlTemplate":"https:\/\/www.climate-charter.org\/fr\/?s={search_term_string}"},"query-input":{"@type":"PropertyValueSpecification","valueRequired":true,"valueName":"search_term_string"}}],"inLanguage":"fr-FR"}]}},"_links":{"self":[{"href":"https:\/\/www.climate-charter.org\/fr\/wp-json\/wp\/v2\/pages\/1225","targetHints":{"allow":["GET"]}}],"collection":[{"href":"https:\/\/www.climate-charter.org\/fr\/wp-json\/wp\/v2\/pages"}],"about":[{"href":"https:\/\/www.climate-charter.org\/fr\/wp-json\/wp\/v2\/types\/page"}],"author":[{"embeddable":true,"href":"https:\/\/www.climate-charter.org\/fr\/wp-json\/wp\/v2\/users\/1"}],"replies":[{"embeddable":true,"href":"https:\/\/www.climate-charter.org\/fr\/wp-json\/wp\/v2\/comments?post=1225"}],"version-history":[{"count":26,"href":"https:\/\/www.climate-charter.org\/fr\/wp-json\/wp\/v2\/pages\/1225\/revisions"}],"predecessor-version":[{"id":4761,"href":"https:\/\/www.climate-charter.org\/fr\/wp-json\/wp\/v2\/pages\/1225\/revisions\/4761"}],"wp:attachment":[{"href":"https:\/\/www.climate-charter.org\/fr\/wp-json\/wp\/v2\/media?parent=1225"}],"curies":[{"name":"wp","href":"https:\/\/api.w.org\/{rel}","templated":true}]}}