{"id":1228,"date":"2022-03-16T18:31:51","date_gmt":"2022-03-16T18:31:51","guid":{"rendered":"https:\/\/www.climate-charter.org\/cibles\/"},"modified":"2022-03-16T18:32:02","modified_gmt":"2022-03-16T18:32:02","slug":"cibles","status":"publish","type":"page","link":"https:\/\/www.climate-charter.org\/fr\/cibles\/","title":{"rendered":"Cibles"},"content":{"rendered":"<h3>Les organisations qui adh\u00e8rent \u00e0 la Charte s\u2019engagent \u00e0 faire en sorte d\u2019avoir des cibles sp\u00e9cifiques (nouvelles et\/ou existantes) qui d\u00e9montrent de quelle mani\u00e8re les changements sont mis en \u0153uvre. Chaque organisation est appel\u00e9e \u00e0 \u00e9tablir des cibles sp\u00e9cifiques qui lui soient propres, en tenant compte de sa taille, de ses capacit\u00e9s et de son mandat.<\/h3>\n","protected":false},"excerpt":{"rendered":"<p>Les organisations qui adh\u00e8rent \u00e0 la Charte s\u2019engagent \u00e0 faire en sorte d\u2019avoir des cibles sp\u00e9cifiques (nouvelles et\/ou existantes) qui d\u00e9montrent de quelle mani\u00e8re les changements sont mis en \u0153uvre. Chaque organisation est appel\u00e9e \u00e0 \u00e9tablir des cibles sp\u00e9cifiques qui lui soient propres, en tenant compte de sa taille, de ses capacit\u00e9s et de son [&hellip;]<\/p>\n","protected":false},"author":1,"featured_media":0,"parent":0,"menu_order":0,"comment_status":"closed","ping_status":"closed","template":"template-targets.php","meta":{"_acf_changed":false,"footnotes":""},"class_list":["post-1228","page","type-page","status-publish","hentry"],"acf":[],"yoast_head":"<!-- This site is optimized with the Yoast SEO plugin v27.2 - https:\/\/yoast.com\/product\/yoast-seo-wordpress\/ -->\n<title>Cibles - Climate Charter<\/title>\n<meta name=\"robots\" content=\"index, follow, max-snippet:-1, max-image-preview:large, max-video-preview:-1\" \/>\n<link rel=\"canonical\" href=\"https:\/\/www.climate-charter.org\/fr\/cibles\/\" \/>\n<meta property=\"og:locale\" content=\"fr_FR\" \/>\n<meta property=\"og:type\" content=\"article\" \/>\n<meta property=\"og:title\" content=\"Cibles - Climate Charter\" \/>\n<meta property=\"og:description\" content=\"Les organisations qui adh\u00e8rent \u00e0 la Charte s\u2019engagent \u00e0 faire en sorte d\u2019avoir des cibles sp\u00e9cifiques (nouvelles et\/ou existantes) qui d\u00e9montrent de quelle mani\u00e8re les changements sont mis en \u0153uvre. Chaque organisation est appel\u00e9e \u00e0 \u00e9tablir des cibles sp\u00e9cifiques qui lui soient propres, en tenant compte de sa taille, de ses capacit\u00e9s et de son [&hellip;]\" \/>\n<meta property=\"og:url\" content=\"https:\/\/www.climate-charter.org\/fr\/cibles\/\" \/>\n<meta property=\"og:site_name\" content=\"Climate Charter\" \/>\n<meta property=\"article:modified_time\" content=\"2022-03-16T18:32:02+00:00\" \/>\n<meta name=\"twitter:card\" content=\"summary_large_image\" \/>\n<script type=\"application\/ld+json\" class=\"yoast-schema-graph\">{\"@context\":\"https:\/\/schema.org\",\"@graph\":[{\"@type\":\"WebPage\",\"@id\":\"https:\/\/www.climate-charter.org\/fr\/cibles\/\",\"url\":\"https:\/\/www.climate-charter.org\/fr\/cibles\/\",\"name\":\"Cibles - Climate Charter\",\"isPartOf\":{\"@id\":\"https:\/\/www.climate-charter.org\/fr\/#website\"},\"datePublished\":\"2022-03-16T18:31:51+00:00\",\"dateModified\":\"2022-03-16T18:32:02+00:00\",\"breadcrumb\":{\"@id\":\"https:\/\/www.climate-charter.org\/fr\/cibles\/#breadcrumb\"},\"inLanguage\":\"fr-FR\",\"potentialAction\":[{\"@type\":\"ReadAction\",\"target\":[\"https:\/\/www.climate-charter.org\/fr\/cibles\/\"]}]},{\"@type\":\"BreadcrumbList\",\"@id\":\"https:\/\/www.climate-charter.org\/fr\/cibles\/#breadcrumb\",\"itemListElement\":[{\"@type\":\"ListItem\",\"position\":1,\"name\":\"Home\",\"item\":\"https:\/\/www.climate-charter.org\/fr\/\"},{\"@type\":\"ListItem\",\"position\":2,\"name\":\"Cibles\"}]},{\"@type\":\"WebSite\",\"@id\":\"https:\/\/www.climate-charter.org\/fr\/#website\",\"url\":\"https:\/\/www.climate-charter.org\/fr\/\",\"name\":\"Climate Charter\",\"description\":\"Sign the Climate and Environment Charter\",\"potentialAction\":[{\"@type\":\"SearchAction\",\"target\":{\"@type\":\"EntryPoint\",\"urlTemplate\":\"https:\/\/www.climate-charter.org\/fr\/?s={search_term_string}\"},\"query-input\":{\"@type\":\"PropertyValueSpecification\",\"valueRequired\":true,\"valueName\":\"search_term_string\"}}],\"inLanguage\":\"fr-FR\"}]}<\/script>\n<!-- \/ Yoast SEO plugin. -->","yoast_head_json":{"title":"Cibles - Climate Charter","robots":{"index":"index","follow":"follow","max-snippet":"max-snippet:-1","max-image-preview":"max-image-preview:large","max-video-preview":"max-video-preview:-1"},"canonical":"https:\/\/www.climate-charter.org\/fr\/cibles\/","og_locale":"fr_FR","og_type":"article","og_title":"Cibles - Climate Charter","og_description":"Les organisations qui adh\u00e8rent \u00e0 la Charte s\u2019engagent \u00e0 faire en sorte d\u2019avoir des cibles sp\u00e9cifiques (nouvelles et\/ou existantes) qui d\u00e9montrent de quelle mani\u00e8re les changements sont mis en \u0153uvre. Chaque organisation est appel\u00e9e \u00e0 \u00e9tablir des cibles sp\u00e9cifiques qui lui soient propres, en tenant compte de sa taille, de ses capacit\u00e9s et de son [&hellip;]","og_url":"https:\/\/www.climate-charter.org\/fr\/cibles\/","og_site_name":"Climate Charter","article_modified_time":"2022-03-16T18:32:02+00:00","twitter_card":"summary_large_image","schema":{"@context":"https:\/\/schema.org","@graph":[{"@type":"WebPage","@id":"https:\/\/www.climate-charter.org\/fr\/cibles\/","url":"https:\/\/www.climate-charter.org\/fr\/cibles\/","name":"Cibles - Climate Charter","isPartOf":{"@id":"https:\/\/www.climate-charter.org\/fr\/#website"},"datePublished":"2022-03-16T18:31:51+00:00","dateModified":"2022-03-16T18:32:02+00:00","breadcrumb":{"@id":"https:\/\/www.climate-charter.org\/fr\/cibles\/#breadcrumb"},"inLanguage":"fr-FR","potentialAction":[{"@type":"ReadAction","target":["https:\/\/www.climate-charter.org\/fr\/cibles\/"]}]},{"@type":"BreadcrumbList","@id":"https:\/\/www.climate-charter.org\/fr\/cibles\/#breadcrumb","itemListElement":[{"@type":"ListItem","position":1,"name":"Home","item":"https:\/\/www.climate-charter.org\/fr\/"},{"@type":"ListItem","position":2,"name":"Cibles"}]},{"@type":"WebSite","@id":"https:\/\/www.climate-charter.org\/fr\/#website","url":"https:\/\/www.climate-charter.org\/fr\/","name":"Climate Charter","description":"Sign the Climate and Environment Charter","potentialAction":[{"@type":"SearchAction","target":{"@type":"EntryPoint","urlTemplate":"https:\/\/www.climate-charter.org\/fr\/?s={search_term_string}"},"query-input":{"@type":"PropertyValueSpecification","valueRequired":true,"valueName":"search_term_string"}}],"inLanguage":"fr-FR"}]}},"_links":{"self":[{"href":"https:\/\/www.climate-charter.org\/fr\/wp-json\/wp\/v2\/pages\/1228","targetHints":{"allow":["GET"]}}],"collection":[{"href":"https:\/\/www.climate-charter.org\/fr\/wp-json\/wp\/v2\/pages"}],"about":[{"href":"https:\/\/www.climate-charter.org\/fr\/wp-json\/wp\/v2\/types\/page"}],"author":[{"embeddable":true,"href":"https:\/\/www.climate-charter.org\/fr\/wp-json\/wp\/v2\/users\/1"}],"replies":[{"embeddable":true,"href":"https:\/\/www.climate-charter.org\/fr\/wp-json\/wp\/v2\/comments?post=1228"}],"version-history":[{"count":1,"href":"https:\/\/www.climate-charter.org\/fr\/wp-json\/wp\/v2\/pages\/1228\/revisions"}],"predecessor-version":[{"id":1229,"href":"https:\/\/www.climate-charter.org\/fr\/wp-json\/wp\/v2\/pages\/1228\/revisions\/1229"}],"wp:attachment":[{"href":"https:\/\/www.climate-charter.org\/fr\/wp-json\/wp\/v2\/media?parent=1228"}],"curies":[{"name":"wp","href":"https:\/\/api.w.org\/{rel}","templated":true}]}}