{"id":1230,"date":"2022-03-16T18:36:15","date_gmt":"2022-03-16T18:36:15","guid":{"rendered":"https:\/\/www.climate-charter.org\/signatures\/"},"modified":"2022-03-29T06:36:45","modified_gmt":"2022-03-29T06:36:45","slug":"signatures","status":"publish","type":"page","link":"https:\/\/www.climate-charter.org\/fr\/signatures\/","title":{"rendered":"Signatures"},"content":{"rendered":"<h3>Toutes les organisations humanitaires sont invit\u00e9es \u00e0 signer la Charte. La liste des signataires et leurs engagements publics (lorsqu\u2019ils sont disponibles) seront r\u00e9guli\u00e8rement mis \u00e0 jour sur cette page.<\/h3>\n<h4>La liste des soutiens \u00e0 la Charte est disponible <a href=\"#supporters\"><strong>ici<\/strong><\/a>.<\/h4>\n","protected":false},"excerpt":{"rendered":"<p>Toutes les organisations humanitaires sont invit\u00e9es \u00e0 signer la Charte. La liste des signataires et leurs engagements publics (lorsqu\u2019ils sont disponibles) seront r\u00e9guli\u00e8rement mis \u00e0 jour sur cette page. La liste des soutiens \u00e0 la Charte est disponible ici.<\/p>\n","protected":false},"author":1,"featured_media":0,"parent":0,"menu_order":0,"comment_status":"closed","ping_status":"closed","template":"template-signatures.php","meta":{"_acf_changed":false,"footnotes":""},"class_list":["post-1230","page","type-page","status-publish","hentry"],"acf":[],"yoast_head":"<!-- This site is optimized with the Yoast SEO plugin v27.4 - https:\/\/yoast.com\/product\/yoast-seo-wordpress\/ -->\n<title>Signatures - Climate Charter<\/title>\n<meta name=\"robots\" content=\"index, follow, max-snippet:-1, max-image-preview:large, max-video-preview:-1\" \/>\n<link rel=\"canonical\" href=\"https:\/\/www.climate-charter.org\/fr\/signatures\/\" \/>\n<meta property=\"og:locale\" content=\"fr_FR\" \/>\n<meta property=\"og:type\" content=\"article\" \/>\n<meta property=\"og:title\" content=\"Signatures - Climate Charter\" \/>\n<meta property=\"og:description\" content=\"Toutes les organisations humanitaires sont invit\u00e9es \u00e0 signer la Charte. La liste des signataires et leurs engagements publics (lorsqu\u2019ils sont disponibles) seront r\u00e9guli\u00e8rement mis \u00e0 jour sur cette page. La liste des soutiens \u00e0 la Charte est disponible ici.\" \/>\n<meta property=\"og:url\" content=\"https:\/\/www.climate-charter.org\/fr\/signatures\/\" \/>\n<meta property=\"og:site_name\" content=\"Climate Charter\" \/>\n<meta property=\"article:modified_time\" content=\"2022-03-29T06:36:45+00:00\" \/>\n<meta name=\"twitter:card\" content=\"summary_large_image\" \/>\n<script type=\"application\/ld+json\" class=\"yoast-schema-graph\">{\"@context\":\"https:\\\/\\\/schema.org\",\"@graph\":[{\"@type\":\"WebPage\",\"@id\":\"https:\\\/\\\/www.climate-charter.org\\\/fr\\\/signatures\\\/\",\"url\":\"https:\\\/\\\/www.climate-charter.org\\\/fr\\\/signatures\\\/\",\"name\":\"Signatures - Climate Charter\",\"isPartOf\":{\"@id\":\"https:\\\/\\\/www.climate-charter.org\\\/fr\\\/#website\"},\"datePublished\":\"2022-03-16T18:36:15+00:00\",\"dateModified\":\"2022-03-29T06:36:45+00:00\",\"breadcrumb\":{\"@id\":\"https:\\\/\\\/www.climate-charter.org\\\/fr\\\/signatures\\\/#breadcrumb\"},\"inLanguage\":\"fr-FR\",\"potentialAction\":[{\"@type\":\"ReadAction\",\"target\":[\"https:\\\/\\\/www.climate-charter.org\\\/fr\\\/signatures\\\/\"]}]},{\"@type\":\"BreadcrumbList\",\"@id\":\"https:\\\/\\\/www.climate-charter.org\\\/fr\\\/signatures\\\/#breadcrumb\",\"itemListElement\":[{\"@type\":\"ListItem\",\"position\":1,\"name\":\"Home\",\"item\":\"https:\\\/\\\/www.climate-charter.org\\\/fr\\\/\"},{\"@type\":\"ListItem\",\"position\":2,\"name\":\"Signatures\"}]},{\"@type\":\"WebSite\",\"@id\":\"https:\\\/\\\/www.climate-charter.org\\\/fr\\\/#website\",\"url\":\"https:\\\/\\\/www.climate-charter.org\\\/fr\\\/\",\"name\":\"Climate Charter\",\"description\":\"Sign the Climate and Environment Charter\",\"potentialAction\":[{\"@type\":\"SearchAction\",\"target\":{\"@type\":\"EntryPoint\",\"urlTemplate\":\"https:\\\/\\\/www.climate-charter.org\\\/fr\\\/?s={search_term_string}\"},\"query-input\":{\"@type\":\"PropertyValueSpecification\",\"valueRequired\":true,\"valueName\":\"search_term_string\"}}],\"inLanguage\":\"fr-FR\"}]}<\/script>\n<!-- \/ Yoast SEO plugin. -->","yoast_head_json":{"title":"Signatures - Climate Charter","robots":{"index":"index","follow":"follow","max-snippet":"max-snippet:-1","max-image-preview":"max-image-preview:large","max-video-preview":"max-video-preview:-1"},"canonical":"https:\/\/www.climate-charter.org\/fr\/signatures\/","og_locale":"fr_FR","og_type":"article","og_title":"Signatures - Climate Charter","og_description":"Toutes les organisations humanitaires sont invit\u00e9es \u00e0 signer la Charte. La liste des signataires et leurs engagements publics (lorsqu\u2019ils sont disponibles) seront r\u00e9guli\u00e8rement mis \u00e0 jour sur cette page. La liste des soutiens \u00e0 la Charte est disponible ici.","og_url":"https:\/\/www.climate-charter.org\/fr\/signatures\/","og_site_name":"Climate Charter","article_modified_time":"2022-03-29T06:36:45+00:00","twitter_card":"summary_large_image","schema":{"@context":"https:\/\/schema.org","@graph":[{"@type":"WebPage","@id":"https:\/\/www.climate-charter.org\/fr\/signatures\/","url":"https:\/\/www.climate-charter.org\/fr\/signatures\/","name":"Signatures - Climate Charter","isPartOf":{"@id":"https:\/\/www.climate-charter.org\/fr\/#website"},"datePublished":"2022-03-16T18:36:15+00:00","dateModified":"2022-03-29T06:36:45+00:00","breadcrumb":{"@id":"https:\/\/www.climate-charter.org\/fr\/signatures\/#breadcrumb"},"inLanguage":"fr-FR","potentialAction":[{"@type":"ReadAction","target":["https:\/\/www.climate-charter.org\/fr\/signatures\/"]}]},{"@type":"BreadcrumbList","@id":"https:\/\/www.climate-charter.org\/fr\/signatures\/#breadcrumb","itemListElement":[{"@type":"ListItem","position":1,"name":"Home","item":"https:\/\/www.climate-charter.org\/fr\/"},{"@type":"ListItem","position":2,"name":"Signatures"}]},{"@type":"WebSite","@id":"https:\/\/www.climate-charter.org\/fr\/#website","url":"https:\/\/www.climate-charter.org\/fr\/","name":"Climate Charter","description":"Sign the Climate and Environment Charter","potentialAction":[{"@type":"SearchAction","target":{"@type":"EntryPoint","urlTemplate":"https:\/\/www.climate-charter.org\/fr\/?s={search_term_string}"},"query-input":{"@type":"PropertyValueSpecification","valueRequired":true,"valueName":"search_term_string"}}],"inLanguage":"fr-FR"}]}},"_links":{"self":[{"href":"https:\/\/www.climate-charter.org\/fr\/wp-json\/wp\/v2\/pages\/1230","targetHints":{"allow":["GET"]}}],"collection":[{"href":"https:\/\/www.climate-charter.org\/fr\/wp-json\/wp\/v2\/pages"}],"about":[{"href":"https:\/\/www.climate-charter.org\/fr\/wp-json\/wp\/v2\/types\/page"}],"author":[{"embeddable":true,"href":"https:\/\/www.climate-charter.org\/fr\/wp-json\/wp\/v2\/users\/1"}],"replies":[{"embeddable":true,"href":"https:\/\/www.climate-charter.org\/fr\/wp-json\/wp\/v2\/comments?post=1230"}],"version-history":[{"count":1,"href":"https:\/\/www.climate-charter.org\/fr\/wp-json\/wp\/v2\/pages\/1230\/revisions"}],"predecessor-version":[{"id":1231,"href":"https:\/\/www.climate-charter.org\/fr\/wp-json\/wp\/v2\/pages\/1230\/revisions\/1231"}],"wp:attachment":[{"href":"https:\/\/www.climate-charter.org\/fr\/wp-json\/wp\/v2\/media?parent=1230"}],"curies":[{"name":"wp","href":"https:\/\/api.w.org\/{rel}","templated":true}]}}