{"id":1292,"date":"2022-03-22T13:30:55","date_gmt":"2022-03-22T13:30:55","guid":{"rendered":"https:\/\/www.climate-charter.org\/merci\/"},"modified":"2025-07-09T21:02:56","modified_gmt":"2025-07-09T21:02:56","slug":"merci","status":"publish","type":"page","link":"https:\/\/www.climate-charter.org\/fr\/merci\/","title":{"rendered":"Merci!"},"content":{"rendered":"<h3>Nous vous remercions de l\u2019int\u00e9r\u00eat que vous portez \u00e0 la signature de la Charte sur le climat et l\u2019environnement pour les organisations humanitaires. L\u2019\u00e9quipe de la Charte vous contactera une fois qu\u2019elle aura examin\u00e9 votre demande d\u2019adh\u00e9sion.<\/h3>\n","protected":false},"excerpt":{"rendered":"<p>Nous vous remercions de l\u2019int\u00e9r\u00eat que vous portez \u00e0 la signature de la Charte sur le climat et l\u2019environnement pour les organisations humanitaires. L\u2019\u00e9quipe de la Charte vous contactera une fois qu\u2019elle aura examin\u00e9 votre demande d\u2019adh\u00e9sion.<\/p>\n","protected":false},"author":1,"featured_media":0,"parent":0,"menu_order":0,"comment_status":"closed","ping_status":"closed","template":"template-thank-you.php","meta":{"_acf_changed":false,"footnotes":""},"class_list":["post-1292","page","type-page","status-publish","hentry"],"acf":[],"yoast_head":"<!-- This site is optimized with the Yoast SEO plugin v27.4 - https:\/\/yoast.com\/product\/yoast-seo-wordpress\/ -->\n<title>Merci! - Climate Charter<\/title>\n<meta name=\"robots\" content=\"index, follow, max-snippet:-1, max-image-preview:large, max-video-preview:-1\" \/>\n<link rel=\"canonical\" href=\"https:\/\/www.climate-charter.org\/fr\/merci\/\" \/>\n<meta property=\"og:locale\" content=\"fr_FR\" \/>\n<meta property=\"og:type\" content=\"article\" \/>\n<meta property=\"og:title\" content=\"Merci! - Climate Charter\" \/>\n<meta property=\"og:description\" content=\"Nous vous remercions de l\u2019int\u00e9r\u00eat que vous portez \u00e0 la signature de la Charte sur le climat et l\u2019environnement pour les organisations humanitaires. L\u2019\u00e9quipe de la Charte vous contactera une fois qu\u2019elle aura examin\u00e9 votre demande d\u2019adh\u00e9sion.\" \/>\n<meta property=\"og:url\" content=\"https:\/\/www.climate-charter.org\/fr\/merci\/\" \/>\n<meta property=\"og:site_name\" content=\"Climate Charter\" \/>\n<meta property=\"article:modified_time\" content=\"2025-07-09T21:02:56+00:00\" \/>\n<meta name=\"twitter:card\" content=\"summary_large_image\" \/>\n<meta name=\"twitter:label1\" content=\"Dur\u00e9e de lecture estim\u00e9e\" \/>\n\t<meta name=\"twitter:data1\" content=\"1 minute\" \/>\n<script type=\"application\/ld+json\" class=\"yoast-schema-graph\">{\"@context\":\"https:\\\/\\\/schema.org\",\"@graph\":[{\"@type\":\"WebPage\",\"@id\":\"https:\\\/\\\/www.climate-charter.org\\\/fr\\\/merci\\\/\",\"url\":\"https:\\\/\\\/www.climate-charter.org\\\/fr\\\/merci\\\/\",\"name\":\"Merci! - Climate Charter\",\"isPartOf\":{\"@id\":\"https:\\\/\\\/www.climate-charter.org\\\/fr\\\/#website\"},\"datePublished\":\"2022-03-22T13:30:55+00:00\",\"dateModified\":\"2025-07-09T21:02:56+00:00\",\"breadcrumb\":{\"@id\":\"https:\\\/\\\/www.climate-charter.org\\\/fr\\\/merci\\\/#breadcrumb\"},\"inLanguage\":\"fr-FR\",\"potentialAction\":[{\"@type\":\"ReadAction\",\"target\":[\"https:\\\/\\\/www.climate-charter.org\\\/fr\\\/merci\\\/\"]}]},{\"@type\":\"BreadcrumbList\",\"@id\":\"https:\\\/\\\/www.climate-charter.org\\\/fr\\\/merci\\\/#breadcrumb\",\"itemListElement\":[{\"@type\":\"ListItem\",\"position\":1,\"name\":\"Home\",\"item\":\"https:\\\/\\\/www.climate-charter.org\\\/fr\\\/\"},{\"@type\":\"ListItem\",\"position\":2,\"name\":\"Merci!\"}]},{\"@type\":\"WebSite\",\"@id\":\"https:\\\/\\\/www.climate-charter.org\\\/fr\\\/#website\",\"url\":\"https:\\\/\\\/www.climate-charter.org\\\/fr\\\/\",\"name\":\"Climate Charter\",\"description\":\"Sign the Climate and Environment Charter\",\"potentialAction\":[{\"@type\":\"SearchAction\",\"target\":{\"@type\":\"EntryPoint\",\"urlTemplate\":\"https:\\\/\\\/www.climate-charter.org\\\/fr\\\/?s={search_term_string}\"},\"query-input\":{\"@type\":\"PropertyValueSpecification\",\"valueRequired\":true,\"valueName\":\"search_term_string\"}}],\"inLanguage\":\"fr-FR\"}]}<\/script>\n<!-- \/ Yoast SEO plugin. -->","yoast_head_json":{"title":"Merci! - Climate Charter","robots":{"index":"index","follow":"follow","max-snippet":"max-snippet:-1","max-image-preview":"max-image-preview:large","max-video-preview":"max-video-preview:-1"},"canonical":"https:\/\/www.climate-charter.org\/fr\/merci\/","og_locale":"fr_FR","og_type":"article","og_title":"Merci! - Climate Charter","og_description":"Nous vous remercions de l\u2019int\u00e9r\u00eat que vous portez \u00e0 la signature de la Charte sur le climat et l\u2019environnement pour les organisations humanitaires. L\u2019\u00e9quipe de la Charte vous contactera une fois qu\u2019elle aura examin\u00e9 votre demande d\u2019adh\u00e9sion.","og_url":"https:\/\/www.climate-charter.org\/fr\/merci\/","og_site_name":"Climate Charter","article_modified_time":"2025-07-09T21:02:56+00:00","twitter_card":"summary_large_image","twitter_misc":{"Dur\u00e9e de lecture estim\u00e9e":"1 minute"},"schema":{"@context":"https:\/\/schema.org","@graph":[{"@type":"WebPage","@id":"https:\/\/www.climate-charter.org\/fr\/merci\/","url":"https:\/\/www.climate-charter.org\/fr\/merci\/","name":"Merci! - Climate Charter","isPartOf":{"@id":"https:\/\/www.climate-charter.org\/fr\/#website"},"datePublished":"2022-03-22T13:30:55+00:00","dateModified":"2025-07-09T21:02:56+00:00","breadcrumb":{"@id":"https:\/\/www.climate-charter.org\/fr\/merci\/#breadcrumb"},"inLanguage":"fr-FR","potentialAction":[{"@type":"ReadAction","target":["https:\/\/www.climate-charter.org\/fr\/merci\/"]}]},{"@type":"BreadcrumbList","@id":"https:\/\/www.climate-charter.org\/fr\/merci\/#breadcrumb","itemListElement":[{"@type":"ListItem","position":1,"name":"Home","item":"https:\/\/www.climate-charter.org\/fr\/"},{"@type":"ListItem","position":2,"name":"Merci!"}]},{"@type":"WebSite","@id":"https:\/\/www.climate-charter.org\/fr\/#website","url":"https:\/\/www.climate-charter.org\/fr\/","name":"Climate Charter","description":"Sign the Climate and Environment Charter","potentialAction":[{"@type":"SearchAction","target":{"@type":"EntryPoint","urlTemplate":"https:\/\/www.climate-charter.org\/fr\/?s={search_term_string}"},"query-input":{"@type":"PropertyValueSpecification","valueRequired":true,"valueName":"search_term_string"}}],"inLanguage":"fr-FR"}]}},"_links":{"self":[{"href":"https:\/\/www.climate-charter.org\/fr\/wp-json\/wp\/v2\/pages\/1292","targetHints":{"allow":["GET"]}}],"collection":[{"href":"https:\/\/www.climate-charter.org\/fr\/wp-json\/wp\/v2\/pages"}],"about":[{"href":"https:\/\/www.climate-charter.org\/fr\/wp-json\/wp\/v2\/types\/page"}],"author":[{"embeddable":true,"href":"https:\/\/www.climate-charter.org\/fr\/wp-json\/wp\/v2\/users\/1"}],"replies":[{"embeddable":true,"href":"https:\/\/www.climate-charter.org\/fr\/wp-json\/wp\/v2\/comments?post=1292"}],"version-history":[{"count":5,"href":"https:\/\/www.climate-charter.org\/fr\/wp-json\/wp\/v2\/pages\/1292\/revisions"}],"predecessor-version":[{"id":4284,"href":"https:\/\/www.climate-charter.org\/fr\/wp-json\/wp\/v2\/pages\/1292\/revisions\/4284"}],"wp:attachment":[{"href":"https:\/\/www.climate-charter.org\/fr\/wp-json\/wp\/v2\/media?parent=1292"}],"curies":[{"name":"wp","href":"https:\/\/api.w.org\/{rel}","templated":true}]}}