{"id":2077,"date":"2023-09-27T11:42:42","date_gmt":"2023-09-27T11:42:42","guid":{"rendered":"https:\/\/www.climate-charter.org\/calculateur-de-carbone-pour-les-organisations-humanitaires\/"},"modified":"2025-01-17T14:00:09","modified_gmt":"2025-01-17T14:00:09","slug":"calculateur-de-carbone-pour-les-organisations-humanitaires","status":"publish","type":"page","link":"https:\/\/www.climate-charter.org\/fr\/calculateur-de-carbone-pour-les-organisations-humanitaires\/","title":{"rendered":"Calculateur de carbone pour les organisations humanitaires"},"content":{"rendered":"<p>Les signataires de la Charte sur le climat et l\u2019environnement pour les organisations humanitaires s\u2019engagent \u00e0 \u0153uvrer \u00e0 l\u2019att\u00e9nuation des cons\u00e9quences de la crise climatique et environnementale, ainsi qu\u2019\u00e0 la r\u00e9duction rapide de leurs \u00e9missions de gaz \u00e0 effet de serre. Mais les organisations doivent d\u2019abord pouvoir mesurer ce qu\u2019elles entendent r\u00e9duire. C\u2019est pour combler cette lacune que le Calculateur de carbone pour les organisations humanitaires (Humanitarian Carbon Calculator ou HCC) a \u00e9t\u00e9 mis au point sous l\u2019\u00e9gide de l\u2019Alliance pour une cha\u00eene d\u2019approvisionnement durable, un projet collaboratif conduit par le CICR afin de renforcer l\u2019int\u00e9gration des principes de durabilit\u00e9 dans la logistique humanitaire.<\/p>\n<p>L\u2019outil a \u00e9t\u00e9 d\u00e9velopp\u00e9 sur la base de consultations men\u00e9es tout au long de l\u2019ann\u00e9e\u00a02021 aupr\u00e8s d\u2019une centaine d\u2019organisations humanitaires, d\u2019experts et de la Direction g\u00e9n\u00e9rale pour la protection civile et les op\u00e9rations d\u2019aide humanitaire europ\u00e9ennes (ECHO). Ces consultations ont permis de d\u00e9finir une m\u00e9thodologie d\u2019estimation des \u00e9missions de gaz \u00e0 effet de serre par les organisations qui est \u00e0 la fois propre au secteur humanitaire et conforme \u00e0 une norme internationale (le Protocole GHG).<\/p>\n<p>Le Calculateur de carbone pour les organisations humanitaires permet aux organisations d\u2019\u00e9valuer les \u00e9missions directes et indirectes de gaz \u00e0 effet de serre li\u00e9es \u00e0 leurs activit\u00e9s, puis de se fixer des objectifs de r\u00e9duction des \u00e9missions et d\u2019\u00e9laborer des plans \u00e0 cette fin. Il peut aussi \u00eatre utilis\u00e9 par une organisation pour suivre l\u2019\u00e9volution de ses \u00e9missions au fil du temps, et ainsi \u00e9valuer l\u2019efficacit\u00e9 des efforts qu\u2019elle d\u00e9ploie pour les r\u00e9duire.<\/p>\n<p>Apr\u00e8s avoir re\u00e7u des retours de bon nombre d\u2019organisations ayant utilis\u00e9 le HCC, l\u2019\u00e9quipe a d\u00e9cid\u00e9 de le mettre \u00e0 jour pendant le second semestre\u00a02023. \u00c0 la suite d\u2019une consultation participative, plusieurs nouvelles fonctionnalit\u00e9s ont \u00e9t\u00e9 ajout\u00e9es \u00e0 l\u2019\u00e9dition r\u00e9vis\u00e9e de l\u2019outil (\u00ab\u00a0le HCC+\u00a0\u00bb), notamment\u00a0:<\/p>\n<ul>\n<li>la possibilit\u00e9 d\u2019\u00e9valuer jusqu\u2019\u00e0 200\u00a0entit\u00e9s (comme diff\u00e9rents bureaux ou projets)\u00a0;<\/li>\n<li>une m\u00e9thode diff\u00e9rente de saisie des donn\u00e9es, particuli\u00e8rement adapt\u00e9e aux organisations dot\u00e9es de grands ensembles de donn\u00e9es et de nombreuses entit\u00e9s\u00a0;<\/li>\n<li>la possibilit\u00e9 de d\u00e9tecter des probl\u00e8mes dans les donn\u00e9es saisies\u00a0;<\/li>\n<li>l\u2019am\u00e9lioration de la pr\u00e9sentation des r\u00e9sultats du HCC par entit\u00e9 ainsi que des principales sous-cat\u00e9gories\u00a0;<\/li>\n<li>une nouvelle possibilit\u00e9 d\u2019int\u00e9gration dans un outil externe de visualisation et d\u2019analyse des donn\u00e9es, tel que Microsoft Power BI ou Tableau\u00a0;<\/li>\n<li>l\u2019ajout de nouveaux facteurs d\u2019\u00e9mission et la mise \u00e0 jour de plusieurs facteurs existants\u00a0;<\/li>\n<li>la possibilit\u00e9 d\u2019utiliser diff\u00e9rentes techniques pour r\u00e9partir les \u00e9missions entre les entit\u00e9s\u00a0;<\/li>\n<li>la possibilit\u00e9 d\u2019analyser les r\u00e9sultats des entit\u00e9s au niveau d\u2019un groupement (super-entit\u00e9s)\u00a0;<\/li>\n<li>la possibilit\u00e9 d\u2019ajouter des commentaires et des explications \u00e0 chaque point de saisie des donn\u00e9es, ce qui simplifiera la collecte de donn\u00e9es aupr\u00e8s de multiples personnes au sein d\u2019une m\u00eame organisation\u00a0;<\/li>\n<li>la possibilit\u00e9 d\u2019analyser les \u00e9missions associ\u00e9es aux biens lou\u00e9s.<\/li>\n<\/ul>\n<p>D\u00e9but 2024, le HCC+ a fait l\u2019objet d\u2019essais pilotes men\u00e9s par diff\u00e9rentes organisations telles que le Climate Action Accelerator (CAA) et la F\u00e9d\u00e9ration internationale des Soci\u00e9t\u00e9s de la Croix-Rouge et du Croissant-Rouge. L\u2019outil r\u00e9vis\u00e9 a \u00e9t\u00e9 officiellement pr\u00e9sent\u00e9 au secteur humanitaire en mai\u00a02024\u00a0; il est d\u00e8s maintenant \u00e0 disposition et accessible via le lien ci-dessous.<\/p>\n<p>Les diverses ressources propos\u00e9es ci-dessous aideront les organisations \u00e0 effectuer leur bilan carbone en leur expliquant les \u00e9tapes \u00e0 suivre, les donn\u00e9es dont elles ont besoin, les principaux leviers de r\u00e9duction, etc.<\/p>\n<p>Les organisations humanitaires sont encourag\u00e9es \u00e0 contribuer \u00e0 l\u2019am\u00e9lioration du Calculateur et des ressources qui l\u2019accompagnent, afin de s\u2019assurer qu\u2019il reste un outil pertinent et efficace pour aider le secteur \u00e0 limiter son impact sur l\u2019environnement. Veuillez utiliser ce <a href=\"https:\/\/forms.office.com\/Pages\/ResponsePage.aspx?id=NFOKnnxJik2nl3mXz4zHYw_jvgrefqpEmsFlrPNVrRdUMDQ5VlNJVE5IWk1FT0o3NEFYR1VMUlJZVy4u\"><strong>formulaire de feedback<\/strong><\/a> pour faire part de vos id\u00e9es et suggestions.<\/p>\n<p><em><span style=\"color: #993300;\"><strong>**L&rsquo;outil HCC+ fait actuellement l&rsquo;objet d&rsquo;une maintenance et devrait \u00eatre \u00e0 nouveau disponible en f\u00e9vrier 2025**<\/strong><\/span><\/em><\/p>\n<p><strong>Utiliser l\u2019outil de comptabilisation (Seuls la page d&rsquo;accueil, l&rsquo;outil et le guide d&rsquo;utilisation sont disponible en fran\u00e7ais)<\/strong><\/p>\n<p>Novice en mati\u00e8re de bilan carbone\u00a0? Regardez cette vid\u00e9o sur les tenants et les aboutissants du calcul des \u00e9missions\u00a0:<\/p>\n<p><iframe loading=\"lazy\" title=\"The What and the Why of Carbon Accounting\" width=\"500\" height=\"281\" src=\"https:\/\/www.youtube.com\/embed\/Maf7TBHlKn8?feature=oembed\" frameborder=\"0\" allow=\"accelerometer; autoplay; clipboard-write; encrypted-media; gyroscope; picture-in-picture; web-share\" referrerpolicy=\"strict-origin-when-cross-origin\" allowfullscreen><\/iframe><\/p>\n<p>Comment calculer vos \u00e9missions\u00a0? Le\u00a0<a href=\"https:\/\/www.climate-charter.org\/wp-content\/uploads\/2023\/01\/Methodological-guide.pdf\"><strong>guide m\u00e9thodologique<\/strong><\/a>\u00a0vous aidera \u00e0 mettre le pied \u00e0 l\u2019\u00e9trier.<\/p>\n<p>&nbsp;<\/p>\n<p>&nbsp;<\/p>\n<p><!--more--><\/p>\n<h3>Besoin d\u2019aide\u00a0? Voici quelques vid\u00e9os sur des aspects particuli\u00e8rement complexes du calcul des \u00e9missions\u00a0:<\/h3>\n<p><strong>Principes de comptabilisation<\/strong><\/p>\n<p><iframe loading=\"lazy\" title=\"Humanitarian Carbon Calculator | Carbon Accounting Principles\" width=\"500\" height=\"281\" src=\"https:\/\/www.youtube.com\/embed\/-bVHy9-K7KU?feature=oembed\" frameborder=\"0\" allow=\"accelerometer; autoplay; clipboard-write; encrypted-media; gyroscope; picture-in-picture; web-share\" referrerpolicy=\"strict-origin-when-cross-origin\" allowfullscreen><\/iframe><\/p>\n<p><strong>Facteurs d\u2019\u00e9mission<\/strong><\/p>\n<p><iframe loading=\"lazy\" title=\"Humanitarian Carbon Calculator | Emissions Factors\" width=\"500\" height=\"281\" src=\"https:\/\/www.youtube.com\/embed\/S5pmMIvwnDQ?feature=oembed\" frameborder=\"0\" allow=\"accelerometer; autoplay; clipboard-write; encrypted-media; gyroscope; picture-in-picture; web-share\" referrerpolicy=\"strict-origin-when-cross-origin\" allowfullscreen><\/iframe><\/p>\n<p><strong>Fournitures humanitaires<\/strong><\/p>\n<p><iframe loading=\"lazy\" title=\"Humanitarian Carbon Calculator | Humanitarian Supplies\" width=\"500\" height=\"281\" src=\"https:\/\/www.youtube.com\/embed\/eJeaZKnTClA?feature=oembed\" frameborder=\"0\" allow=\"accelerometer; autoplay; clipboard-write; encrypted-media; gyroscope; picture-in-picture; web-share\" referrerpolicy=\"strict-origin-when-cross-origin\" allowfullscreen><\/iframe><\/p>\n<p><strong>Transport de marchandises<\/strong><\/p>\n<p><iframe loading=\"lazy\" title=\"Humanitarian Carbon Calculator | Freight Transport\" width=\"500\" height=\"281\" src=\"https:\/\/www.youtube.com\/embed\/ut8t5cKw2rA?feature=oembed\" frameborder=\"0\" allow=\"accelerometer; autoplay; clipboard-write; encrypted-media; gyroscope; picture-in-picture; web-share\" referrerpolicy=\"strict-origin-when-cross-origin\" allowfullscreen><\/iframe><\/p>\n<p><strong>Transferts mon\u00e9taires<\/strong><\/p>\n<p><iframe loading=\"lazy\" title=\"Humanitarian Carbon Calculator | Cash Transfers\" width=\"500\" height=\"281\" src=\"https:\/\/www.youtube.com\/embed\/XklHIMuqxiU?feature=oembed\" frameborder=\"0\" allow=\"accelerometer; autoplay; clipboard-write; encrypted-media; gyroscope; picture-in-picture; web-share\" referrerpolicy=\"strict-origin-when-cross-origin\" allowfullscreen><\/iframe><\/p>\n<p>Pour conna\u00eetre les principales possibilit\u00e9s de r\u00e9duction des \u00e9missions, veuillez vous reporter \u00e0 cette <a href=\"https:\/\/www.climate-charter.org\/wp-content\/uploads\/2023\/01\/A-first-list-of-emission-reduction-levers-1.pdf\"><strong>premi\u00e8re liste de leviers de r\u00e9duction<\/strong><\/a>.<\/p>\n<p>Pour aller plus loin et comprendre comment nous sommes parvenus \u00e0 ces r\u00e9sultats, consultez cette <a href=\"https:\/\/www.climate-charter.org\/wp-content\/uploads\/2023\/01\/Methodology-note.pdf\"><strong>note m\u00e9thodologique<\/strong><\/a>. C\u2019est particuli\u00e8rement important pour les organisations qui souhaitent cr\u00e9er leur propre outil, afin d\u2019assurer une certaine coh\u00e9rence dans l\u2019ensemble du secteur.<\/p>\n<h3>Retour d\u2019information<\/h3>\n<p>Veuillez utiliser ce <a href=\"https:\/\/forms.office.com\/Pages\/ResponsePage.aspx?id=NFOKnnxJik2nl3mXz4zHYw_jvgrefqpEmsFlrPNVrRdUMDQ5VlNJVE5IWk1FT0o3NEFYR1VMUlJZVy4u\"><strong>formulaire<\/strong><\/a> pour donner votre avis sur les outils et les ressources, ce qui nous aidera \u00e0 les am\u00e9liorer au fil du temps.<\/p>\n<p>Utilisez ce <a href=\"https:\/\/forms.office.com\/e\/mtzY45na6R\"><strong>formulaire<\/strong><\/a> pour soumettre de nouveaux facteurs d\u2019\u00e9mission, que vous aurez collect\u00e9s \u00e0 partir de bases de donn\u00e9es reconnues, de fournisseurs ou d\u2019analyses du cycle de vie pour certains produits ou services couramment utilis\u00e9s dans le secteur humanitaire.<\/p>\n<h3>Contacts<\/h3>\n<p>Un forum informel d\u2019organisations int\u00e9ress\u00e9es a \u00e9t\u00e9 cr\u00e9\u00e9 pendant la phase pilote du Calculateur pour \u00e9changer des exp\u00e9riences, des enseignements tir\u00e9s et des questions. L\u2019intelligence collective rev\u00eat une importance cruciale et ce groupe compte aujourd\u2019hui plus de 40\u00a0organisations et 110\u00a0participants. Pour en savoir plus sur le groupe ou le rejoindre, veuillez contacter Juan Galvez \u00e0 l\u2019adresse <a href=\"mailto:juan.galvez@ifrc.org\">juan.galvez@ifrc.org<\/a>.<\/p>\n<p>Si vous avez des questions ou souhaitez en savoir plus sur les outils, ressources, d\u00e9fis et enseignements qui ont guid\u00e9 l\u2019\u00e9laboration du Calculateur de carbone pour les organisations humanitaires, veuillez contacter Carmen Garcia \u00e0 l\u2019adresse cgarciaduro@icrc.org.<\/p>\n","protected":false},"excerpt":{"rendered":"<p>Les signataires de la Charte sur le climat et l\u2019environnement pour les organisations humanitaires s\u2019engagent \u00e0 \u0153uvrer \u00e0 l\u2019att\u00e9nuation des cons\u00e9quences de la crise climatique et environnementale, ainsi qu\u2019\u00e0 la r\u00e9duction rapide de leurs \u00e9missions de gaz \u00e0 effet de serre. Mais les organisations doivent d\u2019abord pouvoir mesurer ce qu\u2019elles entendent r\u00e9duire. C\u2019est pour combler [&hellip;]<\/p>\n","protected":false},"author":1,"featured_media":0,"parent":0,"menu_order":0,"comment_status":"closed","ping_status":"closed","template":"template-hcc.php","meta":{"_acf_changed":false,"footnotes":""},"class_list":["post-2077","page","type-page","status-publish","hentry"],"acf":[],"yoast_head":"<!-- This site is optimized with the Yoast SEO plugin v27.2 - https:\/\/yoast.com\/product\/yoast-seo-wordpress\/ -->\n<title>Calculateur de carbone pour les organisations humanitaires - Climate Charter %<\/title>\n<meta name=\"description\" content=\"Le Calculateur de carbone pour les organisations humanitaires permet aux organisations d\u2019\u00e9valuer les \u00e9missions directes et indirectes de gaz \u00e0 effet de serre li\u00e9es \u00e0 leurs activit\u00e9s.\" \/>\n<meta name=\"robots\" content=\"index, follow, max-snippet:-1, max-image-preview:large, max-video-preview:-1\" \/>\n<link rel=\"canonical\" href=\"https:\/\/www.climate-charter.org\/fr\/calculateur-de-carbone-pour-les-organisations-humanitaires\/\" \/>\n<meta property=\"og:locale\" content=\"fr_FR\" \/>\n<meta property=\"og:type\" content=\"article\" \/>\n<meta property=\"og:title\" content=\"Calculateur de carbone pour les organisations humanitaires - Climate Charter %\" \/>\n<meta property=\"og:description\" content=\"Le Calculateur de carbone pour les organisations humanitaires permet aux organisations d\u2019\u00e9valuer les \u00e9missions directes et indirectes de gaz \u00e0 effet de serre li\u00e9es \u00e0 leurs activit\u00e9s.\" \/>\n<meta property=\"og:url\" content=\"https:\/\/www.climate-charter.org\/fr\/calculateur-de-carbone-pour-les-organisations-humanitaires\/\" \/>\n<meta property=\"og:site_name\" content=\"Climate Charter\" \/>\n<meta property=\"article:modified_time\" content=\"2025-01-17T14:00:09+00:00\" \/>\n<meta name=\"twitter:card\" content=\"summary_large_image\" \/>\n<meta name=\"twitter:label1\" content=\"Dur\u00e9e de lecture estim\u00e9e\" \/>\n\t<meta name=\"twitter:data1\" content=\"5 minutes\" \/>\n<script type=\"application\/ld+json\" class=\"yoast-schema-graph\">{\"@context\":\"https:\/\/schema.org\",\"@graph\":[{\"@type\":\"WebPage\",\"@id\":\"https:\/\/www.climate-charter.org\/fr\/calculateur-de-carbone-pour-les-organisations-humanitaires\/\",\"url\":\"https:\/\/www.climate-charter.org\/fr\/calculateur-de-carbone-pour-les-organisations-humanitaires\/\",\"name\":\"Calculateur de carbone pour les organisations humanitaires - Climate Charter %\",\"isPartOf\":{\"@id\":\"https:\/\/www.climate-charter.org\/fr\/#website\"},\"datePublished\":\"2023-09-27T11:42:42+00:00\",\"dateModified\":\"2025-01-17T14:00:09+00:00\",\"description\":\"Le Calculateur de carbone pour les organisations humanitaires permet aux organisations d\u2019\u00e9valuer les \u00e9missions directes et indirectes de gaz \u00e0 effet de serre li\u00e9es \u00e0 leurs activit\u00e9s.\",\"breadcrumb\":{\"@id\":\"https:\/\/www.climate-charter.org\/fr\/calculateur-de-carbone-pour-les-organisations-humanitaires\/#breadcrumb\"},\"inLanguage\":\"fr-FR\",\"potentialAction\":[{\"@type\":\"ReadAction\",\"target\":[\"https:\/\/www.climate-charter.org\/fr\/calculateur-de-carbone-pour-les-organisations-humanitaires\/\"]}]},{\"@type\":\"BreadcrumbList\",\"@id\":\"https:\/\/www.climate-charter.org\/fr\/calculateur-de-carbone-pour-les-organisations-humanitaires\/#breadcrumb\",\"itemListElement\":[{\"@type\":\"ListItem\",\"position\":1,\"name\":\"Home\",\"item\":\"https:\/\/www.climate-charter.org\/fr\/\"},{\"@type\":\"ListItem\",\"position\":2,\"name\":\"Calculateur de carbone pour les organisations humanitaires\"}]},{\"@type\":\"WebSite\",\"@id\":\"https:\/\/www.climate-charter.org\/fr\/#website\",\"url\":\"https:\/\/www.climate-charter.org\/fr\/\",\"name\":\"Climate Charter\",\"description\":\"Sign the Climate and Environment Charter\",\"potentialAction\":[{\"@type\":\"SearchAction\",\"target\":{\"@type\":\"EntryPoint\",\"urlTemplate\":\"https:\/\/www.climate-charter.org\/fr\/?s={search_term_string}\"},\"query-input\":{\"@type\":\"PropertyValueSpecification\",\"valueRequired\":true,\"valueName\":\"search_term_string\"}}],\"inLanguage\":\"fr-FR\"}]}<\/script>\n<!-- \/ Yoast SEO plugin. -->","yoast_head_json":{"title":"Calculateur de carbone pour les organisations humanitaires - Climate Charter %","description":"Le Calculateur de carbone pour les organisations humanitaires permet aux organisations d\u2019\u00e9valuer les \u00e9missions directes et indirectes de gaz \u00e0 effet de serre li\u00e9es \u00e0 leurs activit\u00e9s.","robots":{"index":"index","follow":"follow","max-snippet":"max-snippet:-1","max-image-preview":"max-image-preview:large","max-video-preview":"max-video-preview:-1"},"canonical":"https:\/\/www.climate-charter.org\/fr\/calculateur-de-carbone-pour-les-organisations-humanitaires\/","og_locale":"fr_FR","og_type":"article","og_title":"Calculateur de carbone pour les organisations humanitaires - Climate Charter %","og_description":"Le Calculateur de carbone pour les organisations humanitaires permet aux organisations d\u2019\u00e9valuer les \u00e9missions directes et indirectes de gaz \u00e0 effet de serre li\u00e9es \u00e0 leurs activit\u00e9s.","og_url":"https:\/\/www.climate-charter.org\/fr\/calculateur-de-carbone-pour-les-organisations-humanitaires\/","og_site_name":"Climate Charter","article_modified_time":"2025-01-17T14:00:09+00:00","twitter_card":"summary_large_image","twitter_misc":{"Dur\u00e9e de lecture estim\u00e9e":"5 minutes"},"schema":{"@context":"https:\/\/schema.org","@graph":[{"@type":"WebPage","@id":"https:\/\/www.climate-charter.org\/fr\/calculateur-de-carbone-pour-les-organisations-humanitaires\/","url":"https:\/\/www.climate-charter.org\/fr\/calculateur-de-carbone-pour-les-organisations-humanitaires\/","name":"Calculateur de carbone pour les organisations humanitaires - Climate Charter %","isPartOf":{"@id":"https:\/\/www.climate-charter.org\/fr\/#website"},"datePublished":"2023-09-27T11:42:42+00:00","dateModified":"2025-01-17T14:00:09+00:00","description":"Le Calculateur de carbone pour les organisations humanitaires permet aux organisations d\u2019\u00e9valuer les \u00e9missions directes et indirectes de gaz \u00e0 effet de serre li\u00e9es \u00e0 leurs activit\u00e9s.","breadcrumb":{"@id":"https:\/\/www.climate-charter.org\/fr\/calculateur-de-carbone-pour-les-organisations-humanitaires\/#breadcrumb"},"inLanguage":"fr-FR","potentialAction":[{"@type":"ReadAction","target":["https:\/\/www.climate-charter.org\/fr\/calculateur-de-carbone-pour-les-organisations-humanitaires\/"]}]},{"@type":"BreadcrumbList","@id":"https:\/\/www.climate-charter.org\/fr\/calculateur-de-carbone-pour-les-organisations-humanitaires\/#breadcrumb","itemListElement":[{"@type":"ListItem","position":1,"name":"Home","item":"https:\/\/www.climate-charter.org\/fr\/"},{"@type":"ListItem","position":2,"name":"Calculateur de carbone pour les organisations humanitaires"}]},{"@type":"WebSite","@id":"https:\/\/www.climate-charter.org\/fr\/#website","url":"https:\/\/www.climate-charter.org\/fr\/","name":"Climate Charter","description":"Sign the Climate and Environment Charter","potentialAction":[{"@type":"SearchAction","target":{"@type":"EntryPoint","urlTemplate":"https:\/\/www.climate-charter.org\/fr\/?s={search_term_string}"},"query-input":{"@type":"PropertyValueSpecification","valueRequired":true,"valueName":"search_term_string"}}],"inLanguage":"fr-FR"}]}},"_links":{"self":[{"href":"https:\/\/www.climate-charter.org\/fr\/wp-json\/wp\/v2\/pages\/2077","targetHints":{"allow":["GET"]}}],"collection":[{"href":"https:\/\/www.climate-charter.org\/fr\/wp-json\/wp\/v2\/pages"}],"about":[{"href":"https:\/\/www.climate-charter.org\/fr\/wp-json\/wp\/v2\/types\/page"}],"author":[{"embeddable":true,"href":"https:\/\/www.climate-charter.org\/fr\/wp-json\/wp\/v2\/users\/1"}],"replies":[{"embeddable":true,"href":"https:\/\/www.climate-charter.org\/fr\/wp-json\/wp\/v2\/comments?post=2077"}],"version-history":[{"count":11,"href":"https:\/\/www.climate-charter.org\/fr\/wp-json\/wp\/v2\/pages\/2077\/revisions"}],"predecessor-version":[{"id":3483,"href":"https:\/\/www.climate-charter.org\/fr\/wp-json\/wp\/v2\/pages\/2077\/revisions\/3483"}],"wp:attachment":[{"href":"https:\/\/www.climate-charter.org\/fr\/wp-json\/wp\/v2\/media?parent=2077"}],"curies":[{"name":"wp","href":"https:\/\/api.w.org\/{rel}","templated":true}]}}