{"id":2550,"date":"2024-07-01T10:47:08","date_gmt":"2024-07-01T10:47:08","guid":{"rendered":"https:\/\/www.climate-charter.org\/?page_id=2550"},"modified":"2025-05-01T17:04:35","modified_gmt":"2025-05-01T17:04:35","slug":"secretariat","status":"publish","type":"page","link":"https:\/\/www.climate-charter.org\/fr\/secretariat\/","title":{"rendered":"Secr\u00e9tariat"},"content":{"rendered":"<h3>Secr\u00e9tariat de la Charte<\/h3>\n<p>La cr\u00e9ation du Secr\u00e9tariat de la <strong>Charte Climat et Environnement pour les organisations humanitaires <\/strong>a \u00e9t\u00e9 annonc\u00e9e lors de la COP28 \u00e0 Duba\u00ef en d\u00e9cembre 2023. Le Secr\u00e9tariat de la Charte sert de centre de r\u00e9f\u00e9rence pour soutenir et connecter les organisations afin de mettre en \u0153uvre les engagements de la Charte \u00e0 travers ses quatre domaines principaux :<\/p>\n<ol>\n<li>Connectez les signataires \u00e0 des experts et des ressources au sein et au-del\u00e0 du r\u00e9seau de la Charte pour acc\u00e9der \u00e0 <strong>des conseils techniques <\/strong>dans la mise en \u0153uvre des engagements de la Charte.<\/li>\n<li>Servir de plate-forme <strong>de partage de connaissances <\/strong>pour partager des ressources li\u00e9es \u00e0 la Charte, collaborer au d\u00e9veloppement de produits de connaissances et \u00e9changer les le\u00e7ons apprises et les meilleures pratiques de la communaut\u00e9 de la Charte.<\/li>\n<li>Renforcer <strong>la communication et l&rsquo;engagement <\/strong>avec les signataires de la Charte en d\u00e9veloppant et en am\u00e9liorant les plateformes de partenariat, d&rsquo;apprentissage et de coordination.<\/li>\n<li><strong>Promouvoir, diffuser et d\u00e9fendre <\/strong>la Charte et la mise en \u0153uvre de ses engagements au sein de la communaut\u00e9 humanitaire.<\/li>\n<\/ol>\n<p>Dans ces domaines, le Secr\u00e9tariat de la Charte :<\/p>\n<p><strong>Aider les signataires \u00e0 <\/strong><strong>naviguer dans les orientations, outils et informations existants et pertinents <\/strong>disponibles sur le <a href=\"https:\/\/www.climate-charter.org\/fr\/orientations\/\">site Web de la Charte <\/a>et au-del\u00e0\u00a0;<\/p>\n<p><strong>Connecter les signataires avec les centres d&rsquo;expertise et de ressources existants <\/strong>sur une vari\u00e9t\u00e9 de sujets strat\u00e9giques, techniques et programmatiques\u00a0;<\/p>\n<p><strong>Organiser des webinaires et des ateliers <\/strong>pour partager les le\u00e7ons apprises et les meilleures pratiques des organisations qui ont d\u00e9j\u00e0 mis en \u0153uvre des programmes ou \u00e9labor\u00e9 des objectifs, des plans d&rsquo;action, des strat\u00e9gies, etc. et fournir un soutien aux communaut\u00e9s de pratique\u00a0;<\/p>\n<p><strong>Co-cr\u00e9er et d\u00e9velopper des produits de connaissances, <\/strong>inform\u00e9s par les besoins des signataires de la Charte, qui mettra en lumi\u00e8re des \u00e9tudes de cas, les meilleures pratiques et les enseignements tir\u00e9s de la mise en \u0153uvre des engagements\u00a0;<\/p>\n<p><strong>Partager et diffuser des informations pertinentes <\/strong>sur les derniers d\u00e9veloppements, initiatives, orientations et \u00e9v\u00e9nements li\u00e9s au climat, \u00e0 l&rsquo;environnement et \u00e0 l&rsquo;action humanitaire\u00a0; et<\/p>\n<p><strong>Promouvoir, diffuser et d\u00e9fendre <\/strong>la Charte dans l\u2019ensemble du secteur humanitaire.<\/p>\n<h4><strong>Vous pouvez trouver plus d\u2019informations sur la mani\u00e8re dont le Secr\u00e9tariat de la Charte peut soutenir les organisations <a href=\"https:\/\/www.climate-charter.org\/wp-content\/uploads\/2024\/05\/Charter-Secretariat-Offer_vf.pdf\">ICI<\/a><\/strong><\/h4>\n<p><strong><a href=\"https:\/\/www.climate-charter.org\/wp-content\/uploads\/2025\/05\/Charter-Workplan-2024-2026.pdf\">Un r\u00e9sum\u00e9 du plan de travail du Secr\u00e9tariat<\/a><\/strong>, incluant les priorit\u00e9s pour 2025, est d\u00e9sormais disponible en anglais. Des traductions seront bient\u00f4t disponibles. Le plan de travail a \u00e9t\u00e9 \u00e9labor\u00e9 \u00e0 partir de consultations avec les signataires avant la cr\u00e9ation du Secr\u00e9tariat, puis affin\u00e9 gr\u00e2ce aux r\u00e9sultats de <a href=\"https:\/\/www.climate-charter.org\/wp-content\/uploads\/2024\/10\/June-2024-Charter-Survey.pdf\">l&rsquo;enqu\u00eate men\u00e9e par le Secr\u00e9tariat de la Charte en juin 2024.<\/a><\/p>\n","protected":false},"excerpt":{"rendered":"<p>Secr\u00e9tariat de la Charte La cr\u00e9ation du Secr\u00e9tariat de la Charte Climat et Environnement pour les organisations humanitaires a \u00e9t\u00e9 annonc\u00e9e lors de la COP28 \u00e0 Duba\u00ef en d\u00e9cembre 2023. Le Secr\u00e9tariat de la Charte sert de centre de r\u00e9f\u00e9rence pour soutenir et connecter les organisations afin de mettre en \u0153uvre les engagements de la [&hellip;]<\/p>\n","protected":false},"author":1,"featured_media":0,"parent":0,"menu_order":0,"comment_status":"closed","ping_status":"closed","template":"template-secretariat.php","meta":{"_acf_changed":false,"footnotes":""},"class_list":["post-2550","page","type-page","status-publish","hentry"],"acf":[],"yoast_head":"<!-- This site is optimized with the Yoast SEO plugin v27.2 - https:\/\/yoast.com\/product\/yoast-seo-wordpress\/ -->\n<title>Secr\u00e9tariat - Climate Charter<\/title>\n<meta name=\"robots\" content=\"index, follow, max-snippet:-1, max-image-preview:large, max-video-preview:-1\" \/>\n<link rel=\"canonical\" href=\"https:\/\/www.climate-charter.org\/fr\/secretariat\/\" \/>\n<meta property=\"og:locale\" content=\"fr_FR\" \/>\n<meta property=\"og:type\" content=\"article\" \/>\n<meta property=\"og:title\" content=\"Secr\u00e9tariat - Climate Charter\" \/>\n<meta property=\"og:description\" content=\"Secr\u00e9tariat de la Charte La cr\u00e9ation du Secr\u00e9tariat de la Charte Climat et Environnement pour les organisations humanitaires a \u00e9t\u00e9 annonc\u00e9e lors de la COP28 \u00e0 Duba\u00ef en d\u00e9cembre 2023. Le Secr\u00e9tariat de la Charte sert de centre de r\u00e9f\u00e9rence pour soutenir et connecter les organisations afin de mettre en \u0153uvre les engagements de la [&hellip;]\" \/>\n<meta property=\"og:url\" content=\"https:\/\/www.climate-charter.org\/fr\/secretariat\/\" \/>\n<meta property=\"og:site_name\" content=\"Climate Charter\" \/>\n<meta property=\"article:modified_time\" content=\"2025-05-01T17:04:35+00:00\" \/>\n<meta name=\"twitter:card\" content=\"summary_large_image\" \/>\n<meta name=\"twitter:label1\" content=\"Dur\u00e9e de lecture estim\u00e9e\" \/>\n\t<meta name=\"twitter:data1\" content=\"2 minutes\" \/>\n<script type=\"application\/ld+json\" class=\"yoast-schema-graph\">{\"@context\":\"https:\/\/schema.org\",\"@graph\":[{\"@type\":\"WebPage\",\"@id\":\"https:\/\/www.climate-charter.org\/fr\/secretariat\/\",\"url\":\"https:\/\/www.climate-charter.org\/fr\/secretariat\/\",\"name\":\"Secr\u00e9tariat - Climate Charter\",\"isPartOf\":{\"@id\":\"https:\/\/www.climate-charter.org\/fr\/#website\"},\"datePublished\":\"2024-07-01T10:47:08+00:00\",\"dateModified\":\"2025-05-01T17:04:35+00:00\",\"breadcrumb\":{\"@id\":\"https:\/\/www.climate-charter.org\/fr\/secretariat\/#breadcrumb\"},\"inLanguage\":\"fr-FR\",\"potentialAction\":[{\"@type\":\"ReadAction\",\"target\":[\"https:\/\/www.climate-charter.org\/fr\/secretariat\/\"]}]},{\"@type\":\"BreadcrumbList\",\"@id\":\"https:\/\/www.climate-charter.org\/fr\/secretariat\/#breadcrumb\",\"itemListElement\":[{\"@type\":\"ListItem\",\"position\":1,\"name\":\"Home\",\"item\":\"https:\/\/www.climate-charter.org\/fr\/\"},{\"@type\":\"ListItem\",\"position\":2,\"name\":\"Secr\u00e9tariat\"}]},{\"@type\":\"WebSite\",\"@id\":\"https:\/\/www.climate-charter.org\/fr\/#website\",\"url\":\"https:\/\/www.climate-charter.org\/fr\/\",\"name\":\"Climate Charter\",\"description\":\"Sign the Climate and Environment Charter\",\"potentialAction\":[{\"@type\":\"SearchAction\",\"target\":{\"@type\":\"EntryPoint\",\"urlTemplate\":\"https:\/\/www.climate-charter.org\/fr\/?s={search_term_string}\"},\"query-input\":{\"@type\":\"PropertyValueSpecification\",\"valueRequired\":true,\"valueName\":\"search_term_string\"}}],\"inLanguage\":\"fr-FR\"}]}<\/script>\n<!-- \/ Yoast SEO plugin. -->","yoast_head_json":{"title":"Secr\u00e9tariat - Climate Charter","robots":{"index":"index","follow":"follow","max-snippet":"max-snippet:-1","max-image-preview":"max-image-preview:large","max-video-preview":"max-video-preview:-1"},"canonical":"https:\/\/www.climate-charter.org\/fr\/secretariat\/","og_locale":"fr_FR","og_type":"article","og_title":"Secr\u00e9tariat - Climate Charter","og_description":"Secr\u00e9tariat de la Charte La cr\u00e9ation du Secr\u00e9tariat de la Charte Climat et Environnement pour les organisations humanitaires a \u00e9t\u00e9 annonc\u00e9e lors de la COP28 \u00e0 Duba\u00ef en d\u00e9cembre 2023. Le Secr\u00e9tariat de la Charte sert de centre de r\u00e9f\u00e9rence pour soutenir et connecter les organisations afin de mettre en \u0153uvre les engagements de la [&hellip;]","og_url":"https:\/\/www.climate-charter.org\/fr\/secretariat\/","og_site_name":"Climate Charter","article_modified_time":"2025-05-01T17:04:35+00:00","twitter_card":"summary_large_image","twitter_misc":{"Dur\u00e9e de lecture estim\u00e9e":"2 minutes"},"schema":{"@context":"https:\/\/schema.org","@graph":[{"@type":"WebPage","@id":"https:\/\/www.climate-charter.org\/fr\/secretariat\/","url":"https:\/\/www.climate-charter.org\/fr\/secretariat\/","name":"Secr\u00e9tariat - Climate Charter","isPartOf":{"@id":"https:\/\/www.climate-charter.org\/fr\/#website"},"datePublished":"2024-07-01T10:47:08+00:00","dateModified":"2025-05-01T17:04:35+00:00","breadcrumb":{"@id":"https:\/\/www.climate-charter.org\/fr\/secretariat\/#breadcrumb"},"inLanguage":"fr-FR","potentialAction":[{"@type":"ReadAction","target":["https:\/\/www.climate-charter.org\/fr\/secretariat\/"]}]},{"@type":"BreadcrumbList","@id":"https:\/\/www.climate-charter.org\/fr\/secretariat\/#breadcrumb","itemListElement":[{"@type":"ListItem","position":1,"name":"Home","item":"https:\/\/www.climate-charter.org\/fr\/"},{"@type":"ListItem","position":2,"name":"Secr\u00e9tariat"}]},{"@type":"WebSite","@id":"https:\/\/www.climate-charter.org\/fr\/#website","url":"https:\/\/www.climate-charter.org\/fr\/","name":"Climate Charter","description":"Sign the Climate and Environment Charter","potentialAction":[{"@type":"SearchAction","target":{"@type":"EntryPoint","urlTemplate":"https:\/\/www.climate-charter.org\/fr\/?s={search_term_string}"},"query-input":{"@type":"PropertyValueSpecification","valueRequired":true,"valueName":"search_term_string"}}],"inLanguage":"fr-FR"}]}},"_links":{"self":[{"href":"https:\/\/www.climate-charter.org\/fr\/wp-json\/wp\/v2\/pages\/2550","targetHints":{"allow":["GET"]}}],"collection":[{"href":"https:\/\/www.climate-charter.org\/fr\/wp-json\/wp\/v2\/pages"}],"about":[{"href":"https:\/\/www.climate-charter.org\/fr\/wp-json\/wp\/v2\/types\/page"}],"author":[{"embeddable":true,"href":"https:\/\/www.climate-charter.org\/fr\/wp-json\/wp\/v2\/users\/1"}],"replies":[{"embeddable":true,"href":"https:\/\/www.climate-charter.org\/fr\/wp-json\/wp\/v2\/comments?post=2550"}],"version-history":[{"count":5,"href":"https:\/\/www.climate-charter.org\/fr\/wp-json\/wp\/v2\/pages\/2550\/revisions"}],"predecessor-version":[{"id":3972,"href":"https:\/\/www.climate-charter.org\/fr\/wp-json\/wp\/v2\/pages\/2550\/revisions\/3972"}],"wp:attachment":[{"href":"https:\/\/www.climate-charter.org\/fr\/wp-json\/wp\/v2\/media?parent=2550"}],"curies":[{"name":"wp","href":"https:\/\/api.w.org\/{rel}","templated":true}]}}