{"id":4792,"date":"2025-10-08T18:29:56","date_gmt":"2025-10-08T18:29:56","guid":{"rendered":"https:\/\/www.climate-charter.org\/?page_id=4792"},"modified":"2025-10-08T18:29:56","modified_gmt":"2025-10-08T18:29:56","slug":"outils-et-ressources","status":"publish","type":"page","link":"https:\/\/www.climate-charter.org\/fr\/outils-et-ressources\/","title":{"rendered":"Outils et ressources"},"content":{"rendered":"<p data-start=\"962\" data-end=\"1738\">Tout au long de l\u2019ann\u00e9e 2025, le Secr\u00e9tariat du Charter publiera sur ce site web une s\u00e9rie de pages th\u00e9matiques d\u2019orientation afin de soutenir le partage de capacit\u00e9s autour des engagements du Charter. Ces ressources incluent des outils, des guides, des opportunit\u00e9s de formation, des groupes de travail, des communaut\u00e9s de pratique, des experts techniques, des biblioth\u00e8ques de ressources et des services d\u2019appui, parmi de nombreuses autres formes de soutien. Au fur et \u00e0 mesure du d\u00e9veloppement de ces pages th\u00e9matiques, vous les verrez appara\u00eetre dans les boutons ci-dessous. Si vous disposez de ressources ou d\u2019une expertise \u00e0 partager avec le secteur, veuillez contacter le secr\u00e9tariat \u00e0 l\u2019adresse suivante : <strong data-start=\"1703\" data-end=\"1738\"><a class=\"decorated-link cursor-pointer\" rel=\"noopener\" data-start=\"1705\" data-end=\"1736\">secretariat@climate-charter.org<\/a><\/strong><\/p>\n","protected":false},"excerpt":{"rendered":"<p>Tout au long de l\u2019ann\u00e9e 2025, le Secr\u00e9tariat du Charter publiera sur ce site web une s\u00e9rie de pages th\u00e9matiques d\u2019orientation afin de soutenir le partage de capacit\u00e9s autour des engagements du Charter. Ces ressources incluent des outils, des guides, des opportunit\u00e9s de formation, des groupes de travail, des communaut\u00e9s de pratique, des experts techniques, [&hellip;]<\/p>\n","protected":false},"author":16,"featured_media":0,"parent":0,"menu_order":0,"comment_status":"closed","ping_status":"closed","template":"template-guidance-with-themes.php","meta":{"_acf_changed":false,"footnotes":""},"class_list":["post-4792","page","type-page","status-publish","hentry"],"acf":[],"yoast_head":"<!-- This site is optimized with the Yoast SEO plugin v27.2 - https:\/\/yoast.com\/product\/yoast-seo-wordpress\/ -->\n<title>Outils et ressources - Climate Charter<\/title>\n<meta name=\"robots\" content=\"index, follow, max-snippet:-1, max-image-preview:large, max-video-preview:-1\" \/>\n<link rel=\"canonical\" href=\"https:\/\/www.climate-charter.org\/fr\/outils-et-ressources\/\" \/>\n<meta property=\"og:locale\" content=\"fr_FR\" \/>\n<meta property=\"og:type\" content=\"article\" \/>\n<meta property=\"og:title\" content=\"Outils et ressources - Climate Charter\" \/>\n<meta property=\"og:description\" content=\"Tout au long de l\u2019ann\u00e9e 2025, le Secr\u00e9tariat du Charter publiera sur ce site web une s\u00e9rie de pages th\u00e9matiques d\u2019orientation afin de soutenir le partage de capacit\u00e9s autour des engagements du Charter. Ces ressources incluent des outils, des guides, des opportunit\u00e9s de formation, des groupes de travail, des communaut\u00e9s de pratique, des experts techniques, [&hellip;]\" \/>\n<meta property=\"og:url\" content=\"https:\/\/www.climate-charter.org\/fr\/outils-et-ressources\/\" \/>\n<meta property=\"og:site_name\" content=\"Climate Charter\" \/>\n<meta name=\"twitter:card\" content=\"summary_large_image\" \/>\n<meta name=\"twitter:label1\" content=\"Dur\u00e9e de lecture estim\u00e9e\" \/>\n\t<meta name=\"twitter:data1\" content=\"1 minute\" \/>\n<script type=\"application\/ld+json\" class=\"yoast-schema-graph\">{\"@context\":\"https:\/\/schema.org\",\"@graph\":[{\"@type\":\"WebPage\",\"@id\":\"https:\/\/www.climate-charter.org\/fr\/outils-et-ressources\/\",\"url\":\"https:\/\/www.climate-charter.org\/fr\/outils-et-ressources\/\",\"name\":\"Outils et ressources - Climate Charter\",\"isPartOf\":{\"@id\":\"https:\/\/www.climate-charter.org\/fr\/#website\"},\"datePublished\":\"2025-10-08T18:29:56+00:00\",\"breadcrumb\":{\"@id\":\"https:\/\/www.climate-charter.org\/fr\/outils-et-ressources\/#breadcrumb\"},\"inLanguage\":\"fr-FR\",\"potentialAction\":[{\"@type\":\"ReadAction\",\"target\":[\"https:\/\/www.climate-charter.org\/fr\/outils-et-ressources\/\"]}]},{\"@type\":\"BreadcrumbList\",\"@id\":\"https:\/\/www.climate-charter.org\/fr\/outils-et-ressources\/#breadcrumb\",\"itemListElement\":[{\"@type\":\"ListItem\",\"position\":1,\"name\":\"Home\",\"item\":\"https:\/\/www.climate-charter.org\/fr\/\"},{\"@type\":\"ListItem\",\"position\":2,\"name\":\"Outils et ressources\"}]},{\"@type\":\"WebSite\",\"@id\":\"https:\/\/www.climate-charter.org\/fr\/#website\",\"url\":\"https:\/\/www.climate-charter.org\/fr\/\",\"name\":\"Climate Charter\",\"description\":\"Sign the Climate and Environment Charter\",\"potentialAction\":[{\"@type\":\"SearchAction\",\"target\":{\"@type\":\"EntryPoint\",\"urlTemplate\":\"https:\/\/www.climate-charter.org\/fr\/?s={search_term_string}\"},\"query-input\":{\"@type\":\"PropertyValueSpecification\",\"valueRequired\":true,\"valueName\":\"search_term_string\"}}],\"inLanguage\":\"fr-FR\"}]}<\/script>\n<!-- \/ Yoast SEO plugin. -->","yoast_head_json":{"title":"Outils et ressources - Climate Charter","robots":{"index":"index","follow":"follow","max-snippet":"max-snippet:-1","max-image-preview":"max-image-preview:large","max-video-preview":"max-video-preview:-1"},"canonical":"https:\/\/www.climate-charter.org\/fr\/outils-et-ressources\/","og_locale":"fr_FR","og_type":"article","og_title":"Outils et ressources - Climate Charter","og_description":"Tout au long de l\u2019ann\u00e9e 2025, le Secr\u00e9tariat du Charter publiera sur ce site web une s\u00e9rie de pages th\u00e9matiques d\u2019orientation afin de soutenir le partage de capacit\u00e9s autour des engagements du Charter. Ces ressources incluent des outils, des guides, des opportunit\u00e9s de formation, des groupes de travail, des communaut\u00e9s de pratique, des experts techniques, [&hellip;]","og_url":"https:\/\/www.climate-charter.org\/fr\/outils-et-ressources\/","og_site_name":"Climate Charter","twitter_card":"summary_large_image","twitter_misc":{"Dur\u00e9e de lecture estim\u00e9e":"1 minute"},"schema":{"@context":"https:\/\/schema.org","@graph":[{"@type":"WebPage","@id":"https:\/\/www.climate-charter.org\/fr\/outils-et-ressources\/","url":"https:\/\/www.climate-charter.org\/fr\/outils-et-ressources\/","name":"Outils et ressources - Climate Charter","isPartOf":{"@id":"https:\/\/www.climate-charter.org\/fr\/#website"},"datePublished":"2025-10-08T18:29:56+00:00","breadcrumb":{"@id":"https:\/\/www.climate-charter.org\/fr\/outils-et-ressources\/#breadcrumb"},"inLanguage":"fr-FR","potentialAction":[{"@type":"ReadAction","target":["https:\/\/www.climate-charter.org\/fr\/outils-et-ressources\/"]}]},{"@type":"BreadcrumbList","@id":"https:\/\/www.climate-charter.org\/fr\/outils-et-ressources\/#breadcrumb","itemListElement":[{"@type":"ListItem","position":1,"name":"Home","item":"https:\/\/www.climate-charter.org\/fr\/"},{"@type":"ListItem","position":2,"name":"Outils et ressources"}]},{"@type":"WebSite","@id":"https:\/\/www.climate-charter.org\/fr\/#website","url":"https:\/\/www.climate-charter.org\/fr\/","name":"Climate Charter","description":"Sign the Climate and Environment Charter","potentialAction":[{"@type":"SearchAction","target":{"@type":"EntryPoint","urlTemplate":"https:\/\/www.climate-charter.org\/fr\/?s={search_term_string}"},"query-input":{"@type":"PropertyValueSpecification","valueRequired":true,"valueName":"search_term_string"}}],"inLanguage":"fr-FR"}]}},"_links":{"self":[{"href":"https:\/\/www.climate-charter.org\/fr\/wp-json\/wp\/v2\/pages\/4792","targetHints":{"allow":["GET"]}}],"collection":[{"href":"https:\/\/www.climate-charter.org\/fr\/wp-json\/wp\/v2\/pages"}],"about":[{"href":"https:\/\/www.climate-charter.org\/fr\/wp-json\/wp\/v2\/types\/page"}],"author":[{"embeddable":true,"href":"https:\/\/www.climate-charter.org\/fr\/wp-json\/wp\/v2\/users\/16"}],"replies":[{"embeddable":true,"href":"https:\/\/www.climate-charter.org\/fr\/wp-json\/wp\/v2\/comments?post=4792"}],"version-history":[{"count":1,"href":"https:\/\/www.climate-charter.org\/fr\/wp-json\/wp\/v2\/pages\/4792\/revisions"}],"predecessor-version":[{"id":4793,"href":"https:\/\/www.climate-charter.org\/fr\/wp-json\/wp\/v2\/pages\/4792\/revisions\/4793"}],"wp:attachment":[{"href":"https:\/\/www.climate-charter.org\/fr\/wp-json\/wp\/v2\/media?parent=4792"}],"curies":[{"name":"wp","href":"https:\/\/api.w.org\/{rel}","templated":true}]}}